{"id":419,"date":"2026-02-05T09:14:32","date_gmt":"2026-02-05T09:14:32","guid":{"rendered":"https:\/\/medstock.it\/specifications\/"},"modified":"2026-03-26T09:29:36","modified_gmt":"2026-03-26T09:29:36","slug":"specifications","status":"publish","type":"page","link":"https:\/\/medstock.it\/fr\/specifications\/","title":{"rendered":"Sp\u00e9cifications"},"content":{"rendered":"\t\t<div data-elementor-type=\"wp-page\" data-elementor-id=\"419\" class=\"elementor elementor-419 elementor-84\" data-elementor-post-type=\"page\">\n\t\t\t\t<div class=\"elementor-element elementor-element-84f1720 e-flex e-con-boxed e-con e-parent\" data-id=\"84f1720\" data-element_type=\"container\" data-e-type=\"container\">\n\t\t\t\t\t<div class=\"e-con-inner\">\n\t\t\t\t<div class=\"elementor-element elementor-element-bf1a364 elementor-widget elementor-widget-spacer\" data-id=\"bf1a364\" data-element_type=\"widget\" data-e-type=\"widget\" data-widget_type=\"spacer.default\">\n\t\t\t\t\t\t\t<div class=\"elementor-spacer\">\n\t\t\t<div class=\"elementor-spacer-inner\"><\/div>\n\t\t<\/div>\n\t\t\t\t\t\t<\/div>\n\t\t\t\t\t<\/div>\n\t\t\t\t<\/div>\n\t\t<div class=\"elementor-element elementor-element-00a0577 e-flex e-con-boxed e-con e-parent\" data-id=\"00a0577\" data-element_type=\"container\" data-e-type=\"container\">\n\t\t\t\t\t<div class=\"e-con-inner\">\n\t\t\t\t<div class=\"elementor-element elementor-element-7605deb elementor-widget elementor-widget-heading\" data-id=\"7605deb\" data-element_type=\"widget\" data-e-type=\"widget\" data-widget_type=\"heading.default\">\n\t\t\t\t\t<h2 class=\"elementor-heading-title elementor-size-default\">MedStock : L\u2019avenir de la gestion de stock en cloud<\/h2>\t\t\t\t<\/div>\n\t\t\t\t<div class=\"elementor-element elementor-element-ead7c0f elementor-widget elementor-widget-text-editor\" data-id=\"ead7c0f\" data-element_type=\"widget\" data-e-type=\"widget\" data-widget_type=\"text-editor.default\">\n\t\t\t\t\t\t\t\t\t<p>Une infrastructure SaaS 100 % Serverless con\u00e7ue pour garantir une \u00e9volutivit\u00e9 infinie, une s\u00e9curit\u00e9 de niveau entreprise et une tranquillit\u00e9 totale pour l\u2019informatique.<\/p>\t\t\t\t\t\t\t\t<\/div>\n\t\t<div class=\"elementor-element elementor-element-e549e4d e-con-full e-flex e-con e-child\" data-id=\"e549e4d\" data-element_type=\"container\" data-e-type=\"container\">\n\t\t<div class=\"elementor-element elementor-element-4afaece e-con-full e-flex e-con e-child\" data-id=\"4afaece\" data-element_type=\"container\" data-e-type=\"container\">\n\t\t\t\t<div class=\"elementor-element elementor-element-e08b654 elementor-widget elementor-widget-video\" data-id=\"e08b654\" data-element_type=\"widget\" data-e-type=\"widget\" data-settings=\"{&quot;youtube_url&quot;:&quot;https:\\\/\\\/www.youtube.com\\\/watch?v=-QuoRRCotnQ&quot;,&quot;autoplay&quot;:&quot;yes&quot;,&quot;mute&quot;:&quot;yes&quot;,&quot;loop&quot;:&quot;yes&quot;,&quot;video_type&quot;:&quot;youtube&quot;}\" data-widget_type=\"video.default\">\n\t\t\t\t\t\t\t<div class=\"elementor-wrapper elementor-open-inline\">\n\t\t\t<div class=\"elementor-video\"><\/div>\t\t<\/div>\n\t\t\t\t\t\t<\/div>\n\t\t\t\t<\/div>\n\t\t<div class=\"elementor-element elementor-element-72ae13a e-con-full e-flex e-con e-child\" data-id=\"72ae13a\" data-element_type=\"container\" data-e-type=\"container\">\n\t\t\t\t<div class=\"elementor-element elementor-element-506350a elementor-widget elementor-widget-text-editor\" data-id=\"506350a\" data-element_type=\"widget\" data-e-type=\"widget\" data-widget_type=\"text-editor.default\">\n\t\t\t\t\t\t\t\t\t<p>MedStock est nativement construit sur le cloud en utilisant une approche Serverless, ce qui signifie :<\/p><ul><li><span style=\"font-family: -apple-system, BlinkMacSystemFont, 'Segoe UI', Roboto, 'Helvetica Neue', Arial, 'Noto Sans', sans-serif, 'Apple Color Emoji', 'Segoe UI Emoji', 'Segoe UI Symbol', 'Noto Color Emoji'; font-size: 1rem;\"><strong>\u00c9volutivit\u00e9 automatique<\/strong> : Le syst\u00e8me s\u2019adapte instantan\u00e9ment aux pics de charge (ex. inventaires de fin de mois ou charges extraordinaires) sans ralentissement.<\/span><\/li><li><strong>Haute disponibilit\u00e9 (High Availability)<\/strong> : L\u2019infrastructure est r\u00e9partie sur plusieurs zones de disponibilit\u00e9 AWS, garantissant la continuit\u00e9 op\u00e9rationnelle (taux de disponibilit\u00e9 de 99,99 %) et une protection contre les pannes locales.<\/li><li>Gestion s\u00e9curis\u00e9e des identit\u00e9s des utilisateurs avec <strong>chiffrement<\/strong> de bout en bout<\/li><li>Mises \u00e0 jour des stocks en <strong>temps r\u00e9el<\/strong>.<\/li><li><strong>Sauvegardes<\/strong> automatiques et r\u00e9cup\u00e9ration \u00e0 un instant donn\u00e9 (point-in-time recovery) pour pr\u00e9venir toute perte de donn\u00e9es<\/li><li><strong>Interop\u00e9rabilit\u00e9 (API Ready) :<\/strong> L\u2019architecture moderne permet \u00e0 MedStock de dialoguer facilement avec d\u2019autres logiciels d\u2019entreprise (ERP, logiciels de facturation ou syst\u00e8mes hospitaliers\/cliniques).<\/li><\/ul>\t\t\t\t\t\t\t\t<\/div>\n\t\t\t\t<\/div>\n\t\t\t\t<\/div>\n\t\t\t\t\t<\/div>\n\t\t\t\t<\/div>\n\t\t<div class=\"elementor-element elementor-element-7437a2a e-flex e-con-boxed e-con e-parent\" data-id=\"7437a2a\" data-element_type=\"container\" data-e-type=\"container\">\n\t\t\t\t\t<div class=\"e-con-inner\">\n\t\t\t\t<div class=\"elementor-element elementor-element-55a89bf elementor-widget elementor-widget-spacer\" data-id=\"55a89bf\" data-element_type=\"widget\" data-e-type=\"widget\" data-widget_type=\"spacer.default\">\n\t\t\t\t\t\t\t<div class=\"elementor-spacer\">\n\t\t\t<div class=\"elementor-spacer-inner\"><\/div>\n\t\t<\/div>\n\t\t\t\t\t\t<\/div>\n\t\t\t\t<div class=\"elementor-element elementor-element-d107649 elementor-widget elementor-widget-heading\" data-id=\"d107649\" data-element_type=\"widget\" data-e-type=\"widget\" data-widget_type=\"heading.default\">\n\t\t\t\t\t<h2 class=\"elementor-heading-title elementor-size-default\">Le contr\u00f4le total \u00e0 port\u00e9e de clic<\/h2>\t\t\t\t<\/div>\n\t\t\t\t<div class=\"elementor-element elementor-element-372aa42 elementor-widget elementor-widget-text-editor\" data-id=\"372aa42\" data-element_type=\"widget\" data-e-type=\"widget\" data-widget_type=\"text-editor.default\">\n\t\t\t\t\t\t\t\t\t<p>Con\u00e7u pour simplifier les op\u00e9rations, \u00e9liminer les erreurs humaines et optimiser les co\u00fbts d\u2019approvisionnement.<\/p>\t\t\t\t\t\t\t\t<\/div>\n\t\t\t\t\t<\/div>\n\t\t\t\t<\/div>\n\t\t<div class=\"elementor-element elementor-element-bbbbc01 e-flex e-con-boxed e-con e-parent\" data-id=\"bbbbc01\" data-element_type=\"container\" data-e-type=\"container\">\n\t\t\t\t\t<div class=\"e-con-inner\">\n\t\t<div class=\"elementor-element elementor-element-f8b801a e-con-full e-flex e-con e-child\" data-id=\"f8b801a\" data-element_type=\"container\" data-e-type=\"container\">\n\t\t\t\t<div class=\"elementor-element elementor-element-3495f8f elementor-view-default elementor-widget elementor-widget-icon\" data-id=\"3495f8f\" data-element_type=\"widget\" data-e-type=\"widget\" data-widget_type=\"icon.default\">\n\t\t\t\t\t\t\t<div class=\"elementor-icon-wrapper\">\n\t\t\t<div class=\"elementor-icon\">\n\t\t\t<svg aria-hidden=\"true\" class=\"e-font-icon-svg e-far-calendar-alt\" viewBox=\"0 0 448 512\" xmlns=\"http:\/\/www.w3.org\/2000\/svg\"><path d=\"M148 288h-40c-6.6 0-12-5.4-12-12v-40c0-6.6 5.4-12 12-12h40c6.6 0 12 5.4 12 12v40c0 6.6-5.4 12-12 12zm108-12v-40c0-6.6-5.4-12-12-12h-40c-6.6 0-12 5.4-12 12v40c0 6.6 5.4 12 12 12h40c6.6 0 12-5.4 12-12zm96 0v-40c0-6.6-5.4-12-12-12h-40c-6.6 0-12 5.4-12 12v40c0 6.6 5.4 12 12 12h40c6.6 0 12-5.4 12-12zm-96 96v-40c0-6.6-5.4-12-12-12h-40c-6.6 0-12 5.4-12 12v40c0 6.6 5.4 12 12 12h40c6.6 0 12-5.4 12-12zm-96 0v-40c0-6.6-5.4-12-12-12h-40c-6.6 0-12 5.4-12 12v40c0 6.6 5.4 12 12 12h40c6.6 0 12-5.4 12-12zm192 0v-40c0-6.6-5.4-12-12-12h-40c-6.6 0-12 5.4-12 12v40c0 6.6 5.4 12 12 12h40c6.6 0 12-5.4 12-12zm96-260v352c0 26.5-21.5 48-48 48H48c-26.5 0-48-21.5-48-48V112c0-26.5 21.5-48 48-48h48V12c0-6.6 5.4-12 12-12h40c6.6 0 12 5.4 12 12v52h128V12c0-6.6 5.4-12 12-12h40c6.6 0 12 5.4 12 12v52h48c26.5 0 48 21.5 48 48zm-48 346V160H48v298c0 3.3 2.7 6 6 6h340c3.3 0 6-2.7 6-6z\"><\/path><\/svg>\t\t\t<\/div>\n\t\t<\/div>\n\t\t\t\t\t\t<\/div>\n\t\t\t\t<\/div>\n\t\t<div class=\"elementor-element elementor-element-ee890ea e-con-full e-flex e-con e-child\" data-id=\"ee890ea\" data-element_type=\"container\" data-e-type=\"container\">\n\t\t\t\t<div class=\"elementor-element elementor-element-a86b6c5 elementor-widget elementor-widget-heading\" data-id=\"a86b6c5\" data-element_type=\"widget\" data-e-type=\"widget\" data-widget_type=\"heading.default\">\n\t\t\t\t\t<h2 class=\"elementor-heading-title elementor-size-default\">Tra\u00e7abilit\u00e9 absolue : Lots et \u00e9ch\u00e9ances (Logique FEFO)<\/h2>\t\t\t\t<\/div>\n\t\t\t\t<div class=\"elementor-element elementor-element-dfa0501 elementor-widget elementor-widget-text-editor\" data-id=\"dfa0501\" data-element_type=\"widget\" data-e-type=\"widget\" data-widget_type=\"text-editor.default\">\n\t\t\t\t\t\t\t\t\t<ul><li><p data-path-to-node=\"6,0,0\"><b data-path-to-node=\"6,0,0\" data-index-in-node=\"0\">Optimisation des \u00e9ch\u00e9ances :<\/b> MedStock g\u00e8re le stock selon le principe FEFO (<i data-path-to-node=\"6,0,0\" data-index-in-node=\"89\">First Expired, First Out<\/i>). Le syst\u00e8me vous guide pour toujours pr\u00e9lever les produits dont la date de p\u00e9remption est la plus proche, r\u00e9duisant ainsi consid\u00e9rablement le gaspillage. <\/p><\/li><li><p data-path-to-node=\"6,1,0\"><b data-path-to-node=\"6,1,0\" data-index-in-node=\"0\">Historique des lots :<\/b> Tra\u00e7abilit\u00e9 compl\u00e8te et instantan\u00e9e de chaque lot, de son entr\u00e9e jusqu\u2019\u00e0 son utilisation finale. Une fonction essentielle pour garantir la conformit\u00e9 r\u00e9glementaire et aborder les inspections en toute s\u00e9r\u00e9nit\u00e9. <\/p><\/li><\/ul>\t\t\t\t\t\t\t\t<\/div>\n\t\t\t\t<\/div>\n\t\t\t\t\t<\/div>\n\t\t\t\t<\/div>\n\t\t<div class=\"elementor-element elementor-element-7a25606 e-flex e-con-boxed e-con e-parent\" data-id=\"7a25606\" data-element_type=\"container\" data-e-type=\"container\">\n\t\t\t\t\t<div class=\"e-con-inner\">\n\t\t<div class=\"elementor-element elementor-element-6f37e40 e-con-full e-flex e-con e-child\" data-id=\"6f37e40\" data-element_type=\"container\" data-e-type=\"container\">\n\t\t\t\t<div class=\"elementor-element elementor-element-636004d elementor-view-default elementor-widget elementor-widget-icon\" data-id=\"636004d\" data-element_type=\"widget\" data-e-type=\"widget\" data-widget_type=\"icon.default\">\n\t\t\t\t\t\t\t<div class=\"elementor-icon-wrapper\">\n\t\t\t<div class=\"elementor-icon\">\n\t\t\t<svg aria-hidden=\"true\" class=\"e-font-icon-svg e-fas-exclamation-triangle\" viewBox=\"0 0 576 512\" xmlns=\"http:\/\/www.w3.org\/2000\/svg\"><path d=\"M569.517 440.013C587.975 472.007 564.806 512 527.94 512H48.054c-36.937 0-59.999-40.055-41.577-71.987L246.423 23.985c18.467-32.009 64.72-31.951 83.154 0l239.94 416.028zM288 354c-25.405 0-46 20.595-46 46s20.595 46 46 46 46-20.595 46-46-20.595-46-46-46zm-43.673-165.346l7.418 136c.347 6.364 5.609 11.346 11.982 11.346h48.546c6.373 0 11.635-4.982 11.982-11.346l7.418-136c.375-6.874-5.098-12.654-11.982-12.654h-63.383c-6.884 0-12.356 5.78-11.981 12.654z\"><\/path><\/svg>\t\t\t<\/div>\n\t\t<\/div>\n\t\t\t\t\t\t<\/div>\n\t\t\t\t<\/div>\n\t\t<div class=\"elementor-element elementor-element-58a02f3 e-con-full e-flex e-con e-child\" data-id=\"58a02f3\" data-element_type=\"container\" data-e-type=\"container\">\n\t\t\t\t<div class=\"elementor-element elementor-element-a01fdba elementor-widget elementor-widget-heading\" data-id=\"a01fdba\" data-element_type=\"widget\" data-e-type=\"widget\" data-widget_type=\"heading.default\">\n\t\t\t\t\t<h2 class=\"elementor-heading-title elementor-size-default\">Pr\u00e9vention des ruptures de stock et alertes intelligentes<\/h2>\t\t\t\t<\/div>\n\t\t\t\t<div class=\"elementor-element elementor-element-207f58d elementor-widget elementor-widget-text-editor\" data-id=\"207f58d\" data-element_type=\"widget\" data-e-type=\"widget\" data-widget_type=\"text-editor.default\">\n\t\t\t\t\t\t\t\t\t<ul><li><p data-path-to-node=\"10,0,0\"><b data-path-to-node=\"10,0,0\" data-index-in-node=\"0\">Notifications proactives :<\/b> Le syst\u00e8me surveille constamment les stocks et envoie des alertes automatiques (dans l\u2019application ou par e-mail) pour les produits en sous-stock ou proches de l\u2019\u00e9ch\u00e9ance.<\/p><\/li><li><p data-path-to-node=\"10,1,0\"><b data-path-to-node=\"10,1,0\" data-index-in-node=\"0\">Analyse de r\u00e9approvisionnement :<\/b> MedStock analyse les tendances de consommation, \u00e9vitant ainsi les blocages op\u00e9rationnels par manque de mat\u00e9riel.<\/p><\/li><\/ul>\t\t\t\t\t\t\t\t<\/div>\n\t\t\t\t<\/div>\n\t\t\t\t\t<\/div>\n\t\t\t\t<\/div>\n\t\t<div class=\"elementor-element elementor-element-95dcbb5 e-flex e-con-boxed e-con e-parent\" data-id=\"95dcbb5\" data-element_type=\"container\" data-e-type=\"container\">\n\t\t\t\t\t<div class=\"e-con-inner\">\n\t\t<div class=\"elementor-element elementor-element-265b709 e-con-full e-flex e-con e-child\" data-id=\"265b709\" data-element_type=\"container\" data-e-type=\"container\">\n\t\t\t\t<div class=\"elementor-element elementor-element-24d3a73 elementor-view-default elementor-widget elementor-widget-icon\" data-id=\"24d3a73\" data-element_type=\"widget\" data-e-type=\"widget\" data-widget_type=\"icon.default\">\n\t\t\t\t\t\t\t<div class=\"elementor-icon-wrapper\">\n\t\t\t<div class=\"elementor-icon\">\n\t\t\t<svg aria-hidden=\"true\" class=\"e-font-icon-svg e-fas-exchange-alt\" viewBox=\"0 0 512 512\" xmlns=\"http:\/\/www.w3.org\/2000\/svg\"><path d=\"M0 168v-16c0-13.255 10.745-24 24-24h360V80c0-21.367 25.899-32.042 40.971-16.971l80 80c9.372 9.373 9.372 24.569 0 33.941l-80 80C409.956 271.982 384 261.456 384 240v-48H24c-13.255 0-24-10.745-24-24zm488 152H128v-48c0-21.314-25.862-32.08-40.971-16.971l-80 80c-9.372 9.373-9.372 24.569 0 33.941l80 80C102.057 463.997 128 453.437 128 432v-48h360c13.255 0 24-10.745 24-24v-16c0-13.255-10.745-24-24-24z\"><\/path><\/svg>\t\t\t<\/div>\n\t\t<\/div>\n\t\t\t\t\t\t<\/div>\n\t\t\t\t<\/div>\n\t\t<div class=\"elementor-element elementor-element-a5b24d5 e-con-full e-flex e-con e-child\" data-id=\"a5b24d5\" data-element_type=\"container\" data-e-type=\"container\">\n\t\t\t\t<div class=\"elementor-element elementor-element-cb0d389 elementor-widget elementor-widget-heading\" data-id=\"cb0d389\" data-element_type=\"widget\" data-e-type=\"widget\" data-widget_type=\"heading.default\">\n\t\t\t\t\t<h2 class=\"elementor-heading-title elementor-size-default\">Gestion multi-entrep\u00f4ts et services<\/h2>\t\t\t\t<\/div>\n\t\t\t\t<div class=\"elementor-element elementor-element-eb89afa elementor-widget elementor-widget-text-editor\" data-id=\"eb89afa\" data-element_type=\"widget\" data-e-type=\"widget\" data-widget_type=\"text-editor.default\">\n\t\t\t\t\t\t\t\t\t<ul><li><p data-path-to-node=\"12,0,0\"><b data-path-to-node=\"12,0,0\" data-index-in-node=\"0\">Contr\u00f4le centralis\u00e9 :<\/b> G\u00e9rez depuis une plateforme unique l\u2019entrep\u00f4t principal, les d\u00e9p\u00f4ts p\u00e9riph\u00e9riques, les diff\u00e9rents services ou les chariots op\u00e9rationnels.<\/p><\/li><li><p data-path-to-node=\"12,1,0\"><b data-path-to-node=\"12,1,0\" data-index-in-node=\"0\">Mouvements internes :<\/b> Suivez les transferts de marchandises entre les services d\u2019un simple clic, en maintenant l\u2019inventaire global toujours parfaitement align\u00e9.<\/p><\/li><\/ul>\t\t\t\t\t\t\t\t<\/div>\n\t\t\t\t<\/div>\n\t\t\t\t\t<\/div>\n\t\t\t\t<\/div>\n\t\t<div class=\"elementor-element elementor-element-a879f67 e-flex e-con-boxed e-con e-parent\" data-id=\"a879f67\" data-element_type=\"container\" data-e-type=\"container\">\n\t\t\t\t\t<div class=\"e-con-inner\">\n\t\t<div class=\"elementor-element elementor-element-72ed26a e-con-full e-flex e-con e-child\" data-id=\"72ed26a\" data-element_type=\"container\" data-e-type=\"container\">\n\t\t\t\t<div class=\"elementor-element elementor-element-0113274 elementor-view-default elementor-widget elementor-widget-icon\" data-id=\"0113274\" data-element_type=\"widget\" data-e-type=\"widget\" data-widget_type=\"icon.default\">\n\t\t\t\t\t\t\t<div class=\"elementor-icon-wrapper\">\n\t\t\t<div class=\"elementor-icon\">\n\t\t\t<svg aria-hidden=\"true\" class=\"e-font-icon-svg e-far-chart-bar\" viewBox=\"0 0 512 512\" xmlns=\"http:\/\/www.w3.org\/2000\/svg\"><path d=\"M396.8 352h22.4c6.4 0 12.8-6.4 12.8-12.8V108.8c0-6.4-6.4-12.8-12.8-12.8h-22.4c-6.4 0-12.8 6.4-12.8 12.8v230.4c0 6.4 6.4 12.8 12.8 12.8zm-192 0h22.4c6.4 0 12.8-6.4 12.8-12.8V140.8c0-6.4-6.4-12.8-12.8-12.8h-22.4c-6.4 0-12.8 6.4-12.8 12.8v198.4c0 6.4 6.4 12.8 12.8 12.8zm96 0h22.4c6.4 0 12.8-6.4 12.8-12.8V204.8c0-6.4-6.4-12.8-12.8-12.8h-22.4c-6.4 0-12.8 6.4-12.8 12.8v134.4c0 6.4 6.4 12.8 12.8 12.8zM496 400H48V80c0-8.84-7.16-16-16-16H16C7.16 64 0 71.16 0 80v336c0 17.67 14.33 32 32 32h464c8.84 0 16-7.16 16-16v-16c0-8.84-7.16-16-16-16zm-387.2-48h22.4c6.4 0 12.8-6.4 12.8-12.8v-70.4c0-6.4-6.4-12.8-12.8-12.8h-22.4c-6.4 0-12.8 6.4-12.8 12.8v70.4c0 6.4 6.4 12.8 12.8 12.8z\"><\/path><\/svg>\t\t\t<\/div>\n\t\t<\/div>\n\t\t\t\t\t\t<\/div>\n\t\t\t\t<\/div>\n\t\t<div class=\"elementor-element elementor-element-3c45e8a e-con-full e-flex e-con e-child\" data-id=\"3c45e8a\" data-element_type=\"container\" data-e-type=\"container\">\n\t\t\t\t<div class=\"elementor-element elementor-element-d9f9cbc elementor-widget elementor-widget-heading\" data-id=\"d9f9cbc\" data-element_type=\"widget\" data-e-type=\"widget\" data-widget_type=\"heading.default\">\n\t\t\t\t\t<h2 class=\"elementor-heading-title elementor-size-default\">Rapports avanc\u00e9s et contr\u00f4le de gestion<\/h2>\t\t\t\t<\/div>\n\t\t\t\t<div class=\"elementor-element elementor-element-11cd0f0 elementor-widget elementor-widget-text-editor\" data-id=\"11cd0f0\" data-element_type=\"widget\" data-e-type=\"widget\" data-widget_type=\"text-editor.default\">\n\t\t\t\t\t\t\t\t\t<ul><li><p data-path-to-node=\"14,0,0\"><b data-path-to-node=\"14,0,0\" data-index-in-node=\"0\">Tableaux de bord analytiques :<\/b> Visualisez d\u2019un coup d\u2019\u0153il la valeur \u00e9conomique de votre stock, les articles \u00e0 forte rotation et l\u2019impact des co\u00fbts.<\/p><\/li><li><p data-path-to-node=\"14,1,0\"><b data-path-to-node=\"14,1,0\" data-index-in-node=\"0\">Exportation de donn\u00e9es simplifi\u00e9e :<\/b> G\u00e9n\u00e9rez des rapports d\u00e9taill\u00e9s exportables, facilitant les op\u00e9rations de bilan, l\u2019inventaire p\u00e9riodique et l\u2019audit.<\/p><\/li><li><strong>Valorisation automatique du stock :<\/strong> le syst\u00e8me calcule en temps r\u00e9el la valeur du stock en utilisant le co\u00fbt moyen pond\u00e9r\u00e9 de l\u2019inventaire.<\/li><\/ul>\t\t\t\t\t\t\t\t<\/div>\n\t\t\t\t<\/div>\n\t\t\t\t\t<\/div>\n\t\t\t\t<\/div>\n\t\t<div class=\"elementor-element elementor-element-30e5201 e-flex e-con-boxed e-con e-parent\" data-id=\"30e5201\" data-element_type=\"container\" data-e-type=\"container\">\n\t\t\t\t\t<div class=\"e-con-inner\">\n\t\t\t\t<div class=\"elementor-element elementor-element-c216db9 elementor-widget elementor-widget-spacer\" data-id=\"c216db9\" data-element_type=\"widget\" data-e-type=\"widget\" data-widget_type=\"spacer.default\">\n\t\t\t\t\t\t\t<div class=\"elementor-spacer\">\n\t\t\t<div class=\"elementor-spacer-inner\"><\/div>\n\t\t<\/div>\n\t\t\t\t\t\t<\/div>\n\t\t\t\t<div class=\"elementor-element elementor-element-d04b388 elementor-widget elementor-widget-heading\" data-id=\"d04b388\" data-element_type=\"widget\" data-e-type=\"widget\" data-widget_type=\"heading.default\">\n\t\t\t\t\t<h2 class=\"elementor-heading-title elementor-size-default\">Identification automatique des param\u00e8tres UDI<\/h2>\t\t\t\t<\/div>\n\t\t\t\t<div class=\"elementor-element elementor-element-3f4a045 elementor-widget elementor-widget-text-editor\" data-id=\"3f4a045\" data-element_type=\"widget\" data-e-type=\"widget\" data-widget_type=\"text-editor.default\">\n\t\t\t\t\t\t\t\t\t<p>L\u2019identification automatique des param\u00e8tres UDI permet une saisie rapide et pr\u00e9cise des donn\u00e9es d\u2019un simple clic sur le lecteur de code-barres<\/p>\t\t\t\t\t\t\t\t<\/div>\n\t\t\t\t<div class=\"elementor-element elementor-element-9db651d elementor-widget elementor-widget-image\" data-id=\"9db651d\" data-element_type=\"widget\" data-e-type=\"widget\" data-widget_type=\"image.default\">\n\t\t\t\t\t\t\t\t\t\t\t\t\t\t\t<img fetchpriority=\"high\" decoding=\"async\" width=\"768\" height=\"278\" src=\"https:\/\/medstock.it\/wp-content\/uploads\/2026\/02\/CodiceUDI.4e0977065d13b08f5e57.png\" class=\"attachment-large size-large wp-image-420\" alt=\"\" srcset=\"https:\/\/medstock.it\/wp-content\/uploads\/2026\/02\/CodiceUDI.4e0977065d13b08f5e57.png 768w, https:\/\/medstock.it\/wp-content\/uploads\/2026\/02\/CodiceUDI.4e0977065d13b08f5e57-300x109.png 300w\" sizes=\"(max-width: 768px) 100vw, 768px\" \/>\t\t\t\t\t\t\t\t\t\t\t\t\t\t\t<\/div>\n\t\t\t\t\t<\/div>\n\t\t\t\t<\/div>\n\t\t<div class=\"elementor-element elementor-element-af00d3d e-flex e-con-boxed e-con e-parent\" data-id=\"af00d3d\" data-element_type=\"container\" data-e-type=\"container\">\n\t\t\t\t\t<div class=\"e-con-inner\">\n\t\t\t\t<div class=\"elementor-element elementor-element-fb76762 elementor-widget elementor-widget-spacer\" data-id=\"fb76762\" data-element_type=\"widget\" data-e-type=\"widget\" data-widget_type=\"spacer.default\">\n\t\t\t\t\t\t\t<div class=\"elementor-spacer\">\n\t\t\t<div class=\"elementor-spacer-inner\"><\/div>\n\t\t<\/div>\n\t\t\t\t\t\t<\/div>\n\t\t\t\t<div class=\"elementor-element elementor-element-7774c35 elementor-widget elementor-widget-heading\" data-id=\"7774c35\" data-element_type=\"widget\" data-e-type=\"widget\" data-widget_type=\"heading.default\">\n\t\t\t\t\t<h2 class=\"elementor-heading-title elementor-size-default\">Exigences du lecteur de code-barres<\/h2>\t\t\t\t<\/div>\n\t\t\t\t<div class=\"elementor-element elementor-element-9df6993 elementor-widget elementor-widget-text-editor\" data-id=\"9df6993\" data-element_type=\"widget\" data-e-type=\"widget\" data-widget_type=\"text-editor.default\">\n\t\t\t\t\t\t\t\t\t<p>Les codes UDI sont repr\u00e9sent\u00e9s par un code QR sp\u00e9cifique, le <a href=\"https:\/\/www.gs1.org\/standards\/gs1-datamatrix-guideline\/25\" target=\"_blank\" rel=\"noopener\"><b>GS1 DataMatrix<\/b><\/a>, qui est lisible par tous les <strong>lecteurs de codes-barres 2D<\/strong> prenant en charge ce format.<\/p>\t\t\t\t\t\t\t\t<\/div>\n\t\t<div class=\"elementor-element elementor-element-090134a e-con-full e-flex e-con e-child\" data-id=\"090134a\" data-element_type=\"container\" data-e-type=\"container\">\n\t\t<div class=\"elementor-element elementor-element-a8af8af e-con-full e-flex e-con e-child\" data-id=\"a8af8af\" data-element_type=\"container\" data-e-type=\"container\">\n\t\t\t\t<div class=\"elementor-element elementor-element-ed7f4e5 elementor-widget elementor-widget-image\" data-id=\"ed7f4e5\" data-element_type=\"widget\" data-e-type=\"widget\" data-widget_type=\"image.default\">\n\t\t\t\t\t\t\t\t\t\t\t\t\t\t\t\t<a href=\"https:\/\/amzn.to\/4ezQvBw\" target=\"_blank\">\n\t\t\t\t\t\t\t<img decoding=\"async\" width=\"494\" height=\"916\" src=\"https:\/\/medstock.it\/wp-content\/uploads\/2026\/02\/barcode-scanner-AZ.919b478d04f66c999853.jpg\" class=\"attachment-large size-large wp-image-421\" alt=\"\" srcset=\"https:\/\/medstock.it\/wp-content\/uploads\/2026\/02\/barcode-scanner-AZ.919b478d04f66c999853.jpg 494w, https:\/\/medstock.it\/wp-content\/uploads\/2026\/02\/barcode-scanner-AZ.919b478d04f66c999853-162x300.jpg 162w\" sizes=\"(max-width: 494px) 100vw, 494px\" \/>\t\t\t\t\t\t\t\t<\/a>\n\t\t\t\t\t\t\t\t\t\t\t\t\t\t\t<\/div>\n\t\t\t\t<\/div>\n\t\t<div class=\"elementor-element elementor-element-b775071 e-con-full e-flex e-con e-child\" data-id=\"b775071\" data-element_type=\"container\" data-e-type=\"container\">\n\t\t\t\t<div class=\"elementor-element elementor-element-456e967 elementor-widget elementor-widget-text-editor\" data-id=\"456e967\" data-element_type=\"widget\" data-e-type=\"widget\" data-widget_type=\"text-editor.default\">\n\t\t\t\t\t\t\t\t\t<p>Le code QR UDI est le plus souvent trop <strong>petit<\/strong> et trop <strong>complexe<\/strong> pour \u00eatre identifi\u00e9 via l\u2019appareil photo d\u2019un smartphone ; un lecteur laser permet en revanche une lecture rapide et pr\u00e9cise du code.<\/p><p>Un lecteur de code-barres est donc n\u00e9cessaire :<\/p><ul><li><strong>2D<\/strong>, c\u2019est-\u00e0-dire capable de lire les codes QR<\/li><li>activ\u00e9 pour lire le format <strong>GS1 DataMatrix <\/strong>(codes UDI)<\/li><\/ul><p> <\/p><p>Nous pouvons vous conseiller un scanner parmi les plus \u00e9conomiques, parfaitement fonctionnel avec les codes UDI, en vente en ligne \u00e0 moins de 30 \u20ac : <a href=\"https:\/\/amzn.to\/4ezQvBw\">\u00ab Eyoyo lecteur de codes-barres 2D \u00bb<\/a><\/p>\t\t\t\t\t\t\t\t<\/div>\n\t\t\t\t<\/div>\n\t\t\t\t<\/div>\n\t\t\t\t\t<\/div>\n\t\t\t\t<\/div>\n\t\t\t\t<\/div>\n\t\t","protected":false},"excerpt":{"rendered":"<p>MedStock : L\u2019avenir de la gestion de stock en cloud Une infrastructure SaaS 100 % Serverless con\u00e7ue pour garantir une \u00e9volutivit\u00e9 infinie, une s\u00e9curit\u00e9 de niveau entreprise et une tranquillit\u00e9 totale pour l\u2019informatique. https:\/\/www.youtube.com\/watch?v=-QuoRRCotnQ MedStock est nativement construit sur le cloud en utilisant une approche Serverless, ce qui signifie : \u00c9volutivit\u00e9 automatique : Le syst\u00e8me [&hellip;]<\/p>\n","protected":false},"author":1,"featured_media":0,"parent":0,"menu_order":0,"comment_status":"closed","ping_status":"closed","template":"","meta":{"footnotes":""},"class_list":["post-419","page","type-page","status-publish","hentry"],"_links":{"self":[{"href":"https:\/\/medstock.it\/fr\/wp-json\/wp\/v2\/pages\/419","targetHints":{"allow":["GET"]}}],"collection":[{"href":"https:\/\/medstock.it\/fr\/wp-json\/wp\/v2\/pages"}],"about":[{"href":"https:\/\/medstock.it\/fr\/wp-json\/wp\/v2\/types\/page"}],"author":[{"embeddable":true,"href":"https:\/\/medstock.it\/fr\/wp-json\/wp\/v2\/users\/1"}],"replies":[{"embeddable":true,"href":"https:\/\/medstock.it\/fr\/wp-json\/wp\/v2\/comments?post=419"}],"version-history":[{"count":1,"href":"https:\/\/medstock.it\/fr\/wp-json\/wp\/v2\/pages\/419\/revisions"}],"predecessor-version":[{"id":422,"href":"https:\/\/medstock.it\/fr\/wp-json\/wp\/v2\/pages\/419\/revisions\/422"}],"wp:attachment":[{"href":"https:\/\/medstock.it\/fr\/wp-json\/wp\/v2\/media?parent=419"}],"curies":[{"name":"wp","href":"https:\/\/api.w.org\/{rel}","templated":true}]}}