{"id":507,"date":"2026-02-05T10:16:18","date_gmt":"2026-02-05T10:16:18","guid":{"rendered":"https:\/\/medstock.it\/suscripcion-consulta\/"},"modified":"2026-03-26T10:38:32","modified_gmt":"2026-03-26T10:38:32","slug":"suscripcion-consulta","status":"publish","type":"page","link":"https:\/\/medstock.it\/es\/suscripcion-consulta\/","title":{"rendered":"Suscripci\u00f3n Consulta"},"content":{"rendered":"\t\t<div data-elementor-type=\"wp-page\" data-elementor-id=\"507\" class=\"elementor elementor-507 elementor-95\" data-elementor-post-type=\"page\">\n\t\t\t\t<div class=\"elementor-element elementor-element-164cd18 e-flex e-con-boxed e-con e-parent\" data-id=\"164cd18\" data-element_type=\"container\" data-e-type=\"container\">\n\t\t\t\t\t<div class=\"e-con-inner\">\n\t\t\t\t<div class=\"elementor-element elementor-element-7c41e5f elementor-widget elementor-widget-spacer\" data-id=\"7c41e5f\" data-element_type=\"widget\" data-e-type=\"widget\" data-widget_type=\"spacer.default\">\n\t\t\t\t\t\t\t<div class=\"elementor-spacer\">\n\t\t\t<div class=\"elementor-spacer-inner\"><\/div>\n\t\t<\/div>\n\t\t\t\t\t\t<\/div>\n\t\t\t\t\t<\/div>\n\t\t\t\t<\/div>\n\t\t<div class=\"elementor-element elementor-element-2651af4 e-flex e-con-boxed e-con e-parent\" data-id=\"2651af4\" data-element_type=\"container\" data-e-type=\"container\" data-settings=\"{&quot;background_background&quot;:&quot;classic&quot;}\">\n\t\t\t\t\t<div class=\"e-con-inner\">\n\t\t\t\t<div class=\"elementor-element elementor-element-8401034 elementor-widget elementor-widget-heading\" data-id=\"8401034\" data-element_type=\"widget\" data-e-type=\"widget\" data-widget_type=\"heading.default\">\n\t\t\t\t\t<h2 class=\"elementor-heading-title elementor-size-default\">Consulta<\/h2>\t\t\t\t<\/div>\n\t\t\t\t\t<\/div>\n\t\t\t\t<\/div>\n\t\t<div class=\"elementor-element elementor-element-fa802c6 e-flex e-con-boxed e-con e-parent\" data-id=\"fa802c6\" data-element_type=\"container\" data-e-type=\"container\">\n\t\t\t\t\t<div class=\"e-con-inner\">\n\t\t<div class=\"elementor-element elementor-element-fa6f26d e-con-full e-flex e-con e-child\" data-id=\"fa6f26d\" data-element_type=\"container\" data-e-type=\"container\">\n\t\t\t\t<div class=\"elementor-element elementor-element-630f3f3 elementor-widget elementor-widget-text-editor\" data-id=\"630f3f3\" data-element_type=\"widget\" data-e-type=\"widget\" data-widget_type=\"text-editor.default\">\n\t\t\t\t\t\t\t\t\t<p>El servicio est\u00e1 reservado para consultas m\u00e9dicas y ambulatorios donde operan <b>como m\u00e1ximo 3 m\u00e9dicos<\/b><\/p>\n<p>El servicio es <b>monoalmac\u00e9n, por lo que<\/b> no es adecuado para estructuras m\u00e1s complejas<\/p>\n<p>Para una soluci\u00f3n dedicada a cl\u00ednicas, centros poliespecial\u00edsticos, IRCCS, cont\u00e1ctenos en la direcci\u00f3n <a href=\"mailto:supporto@medstock.it\">supporto@medstock.it<\/a> para una soluci\u00f3n personalizada<\/p>\n<ol>\n<li>Al hacer clic en el bot\u00f3n ser\u00e1 redirigido al sistema de pago seguro<\/li>\n<li>Una vez completada con \u00e9xito la transacci\u00f3n, recibir\u00e1 por correo electr\u00f3nico las credenciales de acceso al sistema.<\/li>\n<li>Podr\u00e1 empezar a usar MedStock de inmediato<\/li>\n<\/ol>\t\t\t\t\t\t\t\t<\/div>\n\t\t\t\t<div class=\"elementor-element elementor-element-b779cea elementor-widget elementor-widget-image\" data-id=\"b779cea\" data-element_type=\"widget\" data-e-type=\"widget\" data-widget_type=\"image.default\">\n\t\t\t\t\t\t\t\t\t\t\t\t\t\t\t<img fetchpriority=\"high\" decoding=\"async\" width=\"768\" height=\"768\" src=\"https:\/\/medstock.it\/wp-content\/uploads\/2026\/02\/logo-MedStock-full-768x768.jpg\" class=\"attachment-medium_large size-medium_large wp-image-468\" alt=\"\" srcset=\"https:\/\/medstock.it\/wp-content\/uploads\/2026\/02\/logo-MedStock-full-768x768.jpg 768w, https:\/\/medstock.it\/wp-content\/uploads\/2026\/02\/logo-MedStock-full-300x300.jpg 300w, https:\/\/medstock.it\/wp-content\/uploads\/2026\/02\/logo-MedStock-full-150x150.jpg 150w, https:\/\/medstock.it\/wp-content\/uploads\/2026\/02\/logo-MedStock-full.jpg 1024w\" sizes=\"(max-width: 768px) 100vw, 768px\" \/>\t\t\t\t\t\t\t\t\t\t\t\t\t\t\t<\/div>\n\t\t\t\t<\/div>\n\t\t<div class=\"elementor-element elementor-element-0e168d2 e-con-full e-flex e-con e-child\" data-id=\"0e168d2\" data-element_type=\"container\" data-e-type=\"container\">\n\t\t\t\t<div class=\"elementor-element elementor-element-ec91bca elementor-widget elementor-widget-shortcode\" data-id=\"ec91bca\" data-element_type=\"widget\" data-e-type=\"widget\" data-widget_type=\"shortcode.default\">\n\t\t\t\t\t\t\t<div class=\"elementor-shortcode\">        <div class=\"medstock-registration-wrapper\" data-type=\"corporate\">\n            <form class=\"medstock-registration-form\" id=\"medstock-form-corporate\">\n                \n                <input type=\"hidden\" name=\"form_type\" value=\"corporate\">\n                \n                                    <!-- Ragione Sociale (solo corporate) -->\n                    <div class=\"medstock-form-group\">\n                        <label for=\"ragionesociale\">Ragione Sociale <span class=\"required\">*<\/span><\/label>\n                        <input type=\"text\" \n                               id=\"ragionesociale\" \n                               name=\"ragionesociale\" \n                               required\n                               placeholder=\"Es. MedStock Srl\">\n                        <span class=\"medstock-error\" data-field=\"ragionesociale\"><\/span>\n                    <\/div>\n                                \n                <!-- Email -->\n                <div class=\"medstock-form-group\">\n                    <label for=\"email-corporate\">Email <span class=\"required\">*<\/span><\/label>\n                    <input type=\"email\" \n                           id=\"email-corporate\" \n                           name=\"email\" \n                           required\n                           placeholder=\"nome@esempio.it\">\n                    <span class=\"medstock-error\" data-field=\"email\"><\/span>\n                <\/div>\n                \n                <!-- Nome e Cognome (sempre presenti ma significato diverso) -->\n                <div class=\"medstock-form-row\">\n                    <div class=\"medstock-form-group\">\n                        <label for=\"nome-corporate\">\n                            Nome Referente \n                            <span class=\"required\">*<\/span>\n                        <\/label>\n                        <input type=\"text\" \n                               id=\"nome-corporate\" \n                               name=\"nome\" \n                               required\n                               placeholder=\"Mario\">\n                        <span class=\"medstock-error\" data-field=\"nome\"><\/span>\n                    <\/div>\n                    \n                    <div class=\"medstock-form-group\">\n                        <label for=\"cognome-corporate\">\n                            Cognome Referente \n                            <span class=\"required\">*<\/span>\n                        <\/label>\n                        <input type=\"text\" \n                               id=\"cognome-corporate\" \n                               name=\"cognome\" \n                               required\n                               placeholder=\"Rossi\">\n                        <span class=\"medstock-error\" data-field=\"cognome\"><\/span>\n                    <\/div>\n                <\/div>\n                \n                <!-- Cellulare -->\n                <div class=\"medstock-form-group\">\n                    <label for=\"cell-corporate\">Cellulare <span class=\"required\">*<\/span><\/label>\n                    <input type=\"tel\" \n                           id=\"cell-corporate\" \n                           name=\"cell\" \n                           required\n                           placeholder=\"+39 333 1234567\">\n                    <span class=\"medstock-error\" data-field=\"cell\"><\/span>\n                <\/div>\n                \n                <!-- Indirizzo -->\n                <div class=\"medstock-form-group\">\n                    <label for=\"line1-corporate\">Indirizzo <span class=\"required\">*<\/span><\/label>\n                    <input type=\"text\" \n                           id=\"line1-corporate\" \n                           name=\"line1\" \n                           required\n                           placeholder=\"Via Roma, 123\">\n                    <span class=\"medstock-error\" data-field=\"line1\"><\/span>\n                <\/div>\n                \n                <!-- Citt\u00e0, CAP, Provincia -->\n                <div class=\"medstock-form-row medstock-form-row-triple\">\n                    <div class=\"medstock-form-group\">\n                        <label for=\"city-corporate\">Citt\u00e0 <span class=\"required\">*<\/span><\/label>\n                        <input type=\"text\" \n                               id=\"city-corporate\" \n                               name=\"city\" \n                               required\n                               placeholder=\"Milano\">\n                        <span class=\"medstock-error\" data-field=\"city\"><\/span>\n                    <\/div>\n                    \n                    <div class=\"medstock-form-group\">\n                        <label for=\"postal_code-corporate\">CAP <span class=\"required\">*<\/span><\/label>\n                        <input type=\"text\" \n                               id=\"postal_code-corporate\" \n                               name=\"postal_code\" \n                               required\n                               pattern=\"[0-9]{5}\"\n                               placeholder=\"20100\">\n                        <span class=\"medstock-error\" data-field=\"postal_code\"><\/span>\n                    <\/div>\n                    \n                    <div class=\"medstock-form-group\">\n                        <label for=\"provincia-corporate\">Provincia <span class=\"required\">*<\/span><\/label>\n                        <input type=\"text\" \n                               id=\"provincia-corporate\" \n                               name=\"provincia\" \n                               required\n                               maxlength=\"2\"\n                               placeholder=\"MI\"\n                               style=\"text-transform: uppercase;\">\n                        <span class=\"medstock-error\" data-field=\"provincia\"><\/span>\n                    <\/div>\n                <\/div>\n                \n                <!-- P.IVA e Codice Fiscale -->\n                <div class=\"medstock-form-row\">\n                    <div class=\"medstock-form-group\">\n                        <label for=\"piva-corporate\">Partita IVA <span class=\"required\">*<\/span><\/label>\n                       <input type=\"text\" \n                               id=\"piva-corporate\" \n                               name=\"piva\" \n                               required\n                               pattern=\"[A-Z,a-z]{2}[0-9]{11}\"\n                               maxlength=\"13\"\n                               placeholder=\"es. IT12345678901\"\n                               style=\"text-transform: uppercase;\">\n                        <span class=\"medstock-error\" data-field=\"piva\"><\/span>\n                    <\/div>\n                    \n                    <div class=\"medstock-form-group\">\n                        <label for=\"cf-corporate\">Codice Fiscale <span class=\"required\">*<\/span><\/label>\n                        <input type=\"text\" \n                               id=\"cf-corporate\" \n                               name=\"cf\" \n                               required\n                               maxlength=\"16\"\n                               placeholder=\"RSSMRA80A01H501U\"\n                               style=\"text-transform: uppercase;\">\n                        <span class=\"medstock-error\" data-field=\"cf\"><\/span>\n                    <\/div>\n                <\/div>\n                \n                <!-- Codice SDI -->\n                <div class=\"medstock-form-group\">\n                    <label for=\"codice_sdi-corporate\">Codice SDI <span class=\"required\">*<\/span><\/label>\n                    <input type=\"text\" \n                           id=\"codice_sdi-corporate\" \n                           name=\"codice_sdi\" \n                           required\n                           maxlength=\"7\"\n                           placeholder=\"XXXXXXX o 0000000\"\n                           style=\"text-transform: uppercase;\">\n                    <small>7 caratteri alfanumerici o 0000000 se usi PEC<\/small>\n                    <span class=\"medstock-error\" data-field=\"codice_sdi\"><\/span>\n                <\/div>\n                \n                <!-- Termini e Privacy -->\n                <div class=\"medstock-form-group medstock-checkbox-group\">\n                    <label class=\"medstock-checkbox-label\">\n                        <input type=\"checkbox\" \n                               id=\"terms-corporate\" \n                               name=\"terms\" \n                               required>\n                        <span>Accetto i <a href=\"\/termini-e-condizioni\" target=\"_blank\">Termini e Condizioni<\/a> <span class=\"required\">*<\/span><\/span>\n                    <\/label>\n                    <span class=\"medstock-error\" data-field=\"terms\"><\/span>\n                <\/div>\n                \n                <div class=\"medstock-form-group medstock-checkbox-group\">\n                    <label class=\"medstock-checkbox-label\">\n                        <input type=\"checkbox\" \n                               id=\"terms2-corporate\" \n                               name=\"terms2\" \n                               required>\n                        <span>Accetto la <a href=\"\/privacy-policy\" target=\"_blank\">Privacy Policy<\/a> <span class=\"required\">*<\/span><\/span>\n                    <\/label>\n                    <span class=\"medstock-error\" data-field=\"terms2\"><\/span>\n                <\/div>\n                \n                <!-- Submit Button -->\n                <div class=\"medstock-form-group\">\n                    <button type=\"submit\" class=\"medstock-submit-btn\">\n                        <span class=\"medstock-btn-text\">Procedi al Pagamento<\/span>\n                        <span class=\"medstock-btn-loader\" style=\"display: none;\">\n                            <svg class=\"medstock-spinner\" viewBox=\"0 0 50 50\">\n                                <circle class=\"path\" cx=\"25\" cy=\"25\" r=\"20\" fill=\"none\" stroke-width=\"5\"><\/circle>\n                            <\/svg>\n                        <\/span>\n                    <\/button>\n                <\/div>\n                \n                <!-- Error message container -->\n                <div class=\"medstock-form-message medstock-form-error\" style=\"display: none;\">\n                    <p><\/p>\n                <\/div>\n                \n            <\/form>\n        <\/div>\n        <\/div>\n\t\t\t\t\t\t<\/div>\n\t\t\t\t<\/div>\n\t\t\t\t\t<\/div>\n\t\t\t\t<\/div>\n\t\t\t\t<\/div>\n\t\t","protected":false},"excerpt":{"rendered":"<p>Consulta El servicio est\u00e1 reservado para consultas m\u00e9dicas y ambulatorios donde operan como m\u00e1ximo 3 m\u00e9dicos El servicio es monoalmac\u00e9n, por lo que no es adecuado para estructuras m\u00e1s complejas Para una soluci\u00f3n dedicada a cl\u00ednicas, centros poliespecial\u00edsticos, IRCCS, cont\u00e1ctenos en la direcci\u00f3n supporto@medstock.it para una soluci\u00f3n personalizada Al hacer clic en el bot\u00f3n ser\u00e1 [&hellip;]<\/p>\n","protected":false},"author":1,"featured_media":0,"parent":0,"menu_order":0,"comment_status":"closed","ping_status":"closed","template":"","meta":{"footnotes":""},"class_list":["post-507","page","type-page","status-publish","hentry"],"_links":{"self":[{"href":"https:\/\/medstock.it\/es\/wp-json\/wp\/v2\/pages\/507","targetHints":{"allow":["GET"]}}],"collection":[{"href":"https:\/\/medstock.it\/es\/wp-json\/wp\/v2\/pages"}],"about":[{"href":"https:\/\/medstock.it\/es\/wp-json\/wp\/v2\/types\/page"}],"author":[{"embeddable":true,"href":"https:\/\/medstock.it\/es\/wp-json\/wp\/v2\/users\/1"}],"replies":[{"embeddable":true,"href":"https:\/\/medstock.it\/es\/wp-json\/wp\/v2\/comments?post=507"}],"version-history":[{"count":1,"href":"https:\/\/medstock.it\/es\/wp-json\/wp\/v2\/pages\/507\/revisions"}],"predecessor-version":[{"id":508,"href":"https:\/\/medstock.it\/es\/wp-json\/wp\/v2\/pages\/507\/revisions\/508"}],"wp:attachment":[{"href":"https:\/\/medstock.it\/es\/wp-json\/wp\/v2\/media?parent=507"}],"curies":[{"name":"wp","href":"https:\/\/api.w.org\/{rel}","templated":true}]}}