{"id":495,"date":"2026-02-04T18:19:01","date_gmt":"2026-02-04T18:19:01","guid":{"rendered":"https:\/\/medstock.it\/normativa\/"},"modified":"2026-03-26T10:38:05","modified_gmt":"2026-03-26T10:38:05","slug":"normativa","status":"publish","type":"page","link":"https:\/\/medstock.it\/es\/normativa\/","title":{"rendered":"Normativa"},"content":{"rendered":"\t\t<div data-elementor-type=\"wp-page\" data-elementor-id=\"495\" class=\"elementor elementor-495 elementor-72\" data-elementor-post-type=\"page\">\n\t\t\t\t<div class=\"elementor-element elementor-element-2ec9871 e-con-full e-flex e-con e-parent\" data-id=\"2ec9871\" data-element_type=\"container\" data-e-type=\"container\">\n\t\t\t\t<div class=\"elementor-element elementor-element-535e26f elementor-widget elementor-widget-heading\" data-id=\"535e26f\" data-element_type=\"widget\" data-e-type=\"widget\" data-widget_type=\"heading.default\">\n\t\t\t\t\t<h2 class=\"elementor-heading-title elementor-size-default\">Normativa<\/h2>\t\t\t\t<\/div>\n\t\t\t\t<div class=\"elementor-element elementor-element-de62559 elementor-widget elementor-widget-heading\" data-id=\"de62559\" data-element_type=\"widget\" data-e-type=\"widget\" data-widget_type=\"heading.default\">\n\t\t\t\t\t<h5 class=\"elementor-heading-title elementor-size-default\">Un breve resumen de la normativa UDI<\/h5>\t\t\t\t<\/div>\n\t\t\t\t<div class=\"elementor-element elementor-element-ab8dbd0 elementor-widget elementor-widget-spacer\" data-id=\"ab8dbd0\" data-element_type=\"widget\" data-e-type=\"widget\" data-widget_type=\"spacer.default\">\n\t\t\t\t\t\t\t<div class=\"elementor-spacer\">\n\t\t\t<div class=\"elementor-spacer-inner\"><\/div>\n\t\t<\/div>\n\t\t\t\t\t\t<\/div>\n\t\t\t\t<\/div>\n\t\t<div class=\"elementor-element elementor-element-2d8e158 e-flex e-con-boxed e-con e-parent\" data-id=\"2d8e158\" data-element_type=\"container\" data-e-type=\"container\">\n\t\t\t\t\t<div class=\"e-con-inner\">\n\t\t<div class=\"elementor-element elementor-element-35fa87a e-con-full e-flex e-con e-child\" data-id=\"35fa87a\" data-element_type=\"container\" data-e-type=\"container\">\n\t\t\t\t<div class=\"elementor-element elementor-element-5223192 elementor-widget elementor-widget-text-editor\" data-id=\"5223192\" data-element_type=\"widget\" data-e-type=\"widget\" data-widget_type=\"text-editor.default\">\n\t\t\t\t\t\t\t\t\t<h4 data-path-to-node=\"8\"><b data-path-to-node=\"8\" data-index-in-node=\"0\">1. La obligaci\u00f3n de registro UDI<\/b><\/h4><p data-path-to-node=\"9\">El decreto (<a href=\"https:\/\/www.gazzettaufficiale.it\/eli\/id\/2023\/07\/18\/23A04010\/sg\">D.lgs 11\/05\/2023<\/a>) impone a los profesionales sanitarios <b data-path-to-node=\"9\" data-index-in-node=\"48\">registrar y conservar el identificador \u00fanico (UDI)<\/b> de los dispositivos m\u00e9dicos recibidos y utilizados (con especial atenci\u00f3n a los dispositivos implantables y de clase D para diagn\u00f3stico in vitro). El objetivo de la ley es garantizar una trazabilidad total, desde el fabricante hasta el uso en el paciente, para intervenir con prontitud en caso de lotes defectuosos. <\/p><h4 data-path-to-node=\"10\"><b data-path-to-node=\"10\" data-index-in-node=\"0\">2. Conservaci\u00f3n de los datos hasta 15 a\u00f1os<\/b><\/h4><p data-path-to-node=\"11\">La ley no hace concesiones en cuanto a plazos: los registros de los c\u00f3digos UDI (incluidos lotes y caducidades) deben conservarse durante un m\u00ednimo de <b data-path-to-node=\"11\" data-index-in-node=\"137\">10 a\u00f1os<\/b>, periodo que se eleva a <b data-path-to-node=\"11\" data-index-in-node=\"165\">15 a\u00f1os para los dispositivos m\u00e9dicos implantables<\/b>. Confiar un volumen semejante de datos a registros en papel o a hojas de Excel locales significa exponerse al riesgo alt\u00edsimo de p\u00e9rdida, deterioro o robo de los datos. El propio legislador recomienda la conservaci\u00f3n por v\u00eda electr\u00f3nica.  <\/p><h4 data-path-to-node=\"12\"><b data-path-to-node=\"12\" data-index-in-node=\"0\">3. Multas de 4.000 \u20ac a 24.500 \u20ac<\/b><\/h4><p data-path-to-node=\"13\">El incumplimiento de estas obligaciones no se toma a la ligera. Seg\u00fan lo establecido por el D.Lgs 137\/2022 relacionado, el registro inexistente o err\u00f3neo de los c\u00f3digos UDI expone al operador sanitario o a la cl\u00ednica a <b data-path-to-node=\"13\" data-index-in-node=\"202\">sanciones administrativas muy elevadas, que van de los 4.000 \u20ac a los 24.500 \u20ac<\/b>. <\/p>\t\t\t\t\t\t\t\t<\/div>\n\t\t\t\t<\/div>\n\t\t<div class=\"elementor-element elementor-element-effaf3f e-con-full e-flex e-con e-child\" data-id=\"effaf3f\" data-element_type=\"container\" data-e-type=\"container\">\n\t\t\t\t<div class=\"elementor-element elementor-element-52fe906 elementor-widget elementor-widget-text-editor\" data-id=\"52fe906\" data-element_type=\"widget\" data-e-type=\"widget\" data-widget_type=\"text-editor.default\">\n\t\t\t\t\t\t\t\t\t<h4 data-path-to-node=\"14\"><b data-path-to-node=\"14\" data-index-in-node=\"0\">C\u00f3mo MedStock garantiza su conformidad (cero estr\u00e9s)<\/b><\/h4><p data-path-to-node=\"15\">En lugar de cumplimentar infinitos registros manuales con el temor de cometer errores, <b data-path-to-node=\"15\" data-index-in-node=\"80\">MedStock automatiza todo el proceso normativo<\/b>:<\/p><ul data-path-to-node=\"16\"><li><p data-path-to-node=\"16,0,0\"><b data-path-to-node=\"16,0,0\" data-index-in-node=\"0\">Adquisici\u00f3n instant\u00e1nea:<\/b> Escanee el c\u00f3digo de barras del envase. MedStock lee y descompone autom\u00e1ticamente el c\u00f3digo UDI (UDI-DI y UDI-PI). <\/p><\/li><li><p data-path-to-node=\"16,1,0\"><b data-path-to-node=\"16,1,0\" data-index-in-node=\"0\">Archivo seguro en la nube:<\/b> Sus datos se guardan en servidores en la nube, inmunes a extrav\u00edos o aver\u00edas de su ordenador local, y se conservan en el tiempo en perfecto cumplimiento con los 10\/15 a\u00f1os exigidos por la ley.<\/p><\/li><li><p data-path-to-node=\"16,2,0\"><b data-path-to-node=\"16,2,0\" data-index-in-node=\"0\">Preparado para las inspecciones:<\/b> En caso de control por parte de los \u00f3rganos competentes, le basta un clic para exportar y presentar todo el historial de trazabilidad requerido por el Ministerio.<\/p><\/li><\/ul>\t\t\t\t\t\t\t\t<\/div>\n\t\t\t\t<\/div>\n\t\t\t\t\t<\/div>\n\t\t\t\t<\/div>\n\t\t<div class=\"elementor-element elementor-element-d74404e e-flex e-con-boxed e-con e-parent\" data-id=\"d74404e\" data-element_type=\"container\" data-e-type=\"container\">\n\t\t\t\t\t<div class=\"e-con-inner\">\n\t\t<div class=\"elementor-element elementor-element-9aff8ea e-con-full e-flex e-con e-child\" data-id=\"9aff8ea\" data-element_type=\"container\" data-e-type=\"container\">\n\t\t\t\t<div class=\"elementor-element elementor-element-95cd55c elementor-widget elementor-widget-spacer\" data-id=\"95cd55c\" data-element_type=\"widget\" data-e-type=\"widget\" data-widget_type=\"spacer.default\">\n\t\t\t\t\t\t\t<div class=\"elementor-spacer\">\n\t\t\t<div class=\"elementor-spacer-inner\"><\/div>\n\t\t<\/div>\n\t\t\t\t\t\t<\/div>\n\t\t\t\t<div class=\"elementor-element elementor-element-3f652ba elementor-widget elementor-widget-heading\" data-id=\"3f652ba\" data-element_type=\"widget\" data-e-type=\"widget\" data-widget_type=\"heading.default\">\n\t\t\t\t\t<h2 class=\"elementor-heading-title elementor-size-default\">Plazos de adquisici\u00f3n UDI<\/h2>\t\t\t\t<\/div>\n\t\t\t\t<div class=\"elementor-element elementor-element-a8d7a96 elementor-pagination-type-bullets elementor-arrows-position-inside elementor-pagination-position-outside elementor-widget elementor-widget-n-carousel\" data-id=\"a8d7a96\" data-element_type=\"widget\" data-e-type=\"widget\" data-settings=\"{&quot;carousel_items&quot;:[{&quot;slide_title&quot;:&quot;Slide #2&quot;,&quot;_id&quot;:&quot;e33d317&quot;},{&quot;slide_title&quot;:&quot;Slide #2&quot;,&quot;_id&quot;:&quot;ff808b3&quot;},{&quot;slide_title&quot;:&quot;Slide #2&quot;,&quot;_id&quot;:&quot;e14445e&quot;},{&quot;slide_title&quot;:&quot;Slide #2&quot;,&quot;_id&quot;:&quot;8ff2daf&quot;}],&quot;slides_to_show_tablet&quot;:&quot;2&quot;,&quot;slides_to_show_mobile&quot;:&quot;1&quot;,&quot;autoplay&quot;:&quot;yes&quot;,&quot;autoplay_speed&quot;:5000,&quot;pause_on_hover&quot;:&quot;yes&quot;,&quot;pause_on_interaction&quot;:&quot;yes&quot;,&quot;infinite&quot;:&quot;yes&quot;,&quot;speed&quot;:500,&quot;offset_sides&quot;:&quot;none&quot;,&quot;arrows&quot;:&quot;yes&quot;,&quot;pagination&quot;:&quot;bullets&quot;,&quot;image_spacing_custom&quot;:{&quot;unit&quot;:&quot;px&quot;,&quot;size&quot;:10,&quot;sizes&quot;:[]},&quot;image_spacing_custom_tablet&quot;:{&quot;unit&quot;:&quot;px&quot;,&quot;size&quot;:&quot;&quot;,&quot;sizes&quot;:[]},&quot;image_spacing_custom_mobile&quot;:{&quot;unit&quot;:&quot;px&quot;,&quot;size&quot;:&quot;&quot;,&quot;sizes&quot;:[]}}\" data-widget_type=\"nested-carousel.default\">\n\t\t\t\t\t\t\t<div class=\"e-n-carousel swiper\" role=\"region\" aria-roledescription=\"carousel\" aria-label=\"Carosello\" dir=\"ltr\">\n\t\t\t<div class=\"swiper-wrapper\" aria-live=\"off\">\n\t\t\t\t\t\t\t\t\t\t<div class=\"swiper-slide\" data-slide=\"1\" role=\"group\" aria-roledescription=\"slide\" aria-label=\"1 of 4\">\n\t\t\t\t\t\t\t<div class=\"elementor-element elementor-element-f191456 e-flex e-con-boxed e-con e-child\" data-id=\"f191456\" data-element_type=\"container\" data-e-type=\"container\">\n\t\t\t\t\t<div class=\"e-con-inner\">\n\t\t\t\t<div class=\"elementor-element elementor-element-c288d12 elementor-widget elementor-widget-heading\" data-id=\"c288d12\" data-element_type=\"widget\" data-e-type=\"widget\" data-widget_type=\"heading.default\">\n\t\t\t\t\t<h2 class=\"elementor-heading-title elementor-size-default\">2017<\/h2>\t\t\t\t<\/div>\n\t\t\t\t<div class=\"elementor-element elementor-element-be713a2 elementor-widget elementor-widget-heading\" data-id=\"be713a2\" data-element_type=\"widget\" data-e-type=\"widget\" data-widget_type=\"heading.default\">\n\t\t\t\t\t<h5 class=\"elementor-heading-title elementor-size-default\">reglamento UE dispositivos m\u00e9dicos<\/h5>\t\t\t\t<\/div>\n\t\t\t\t<div class=\"elementor-element elementor-element-256ce0a elementor-widget elementor-widget-text-editor\" data-id=\"256ce0a\" data-element_type=\"widget\" data-e-type=\"widget\" data-widget_type=\"text-editor.default\">\n\t\t\t\t\t\t\t\t\t<p>inmediatamente operativo aunque est\u00e1 prevista una gradualidad de aplicaci\u00f3n (art.121) con reevaluaci\u00f3n de los resultados obtenidos prevista para el 27 de mayo de 2027<\/p>\t\t\t\t\t\t\t\t<\/div>\n\t\t\t\t\t<\/div>\n\t\t\t\t<\/div>\n\t\t\t\t\t\t\t\t<\/div>\n\t\t\t\t\t\t\t\t\t\t\t<div class=\"swiper-slide\" data-slide=\"2\" role=\"group\" aria-roledescription=\"slide\" aria-label=\"2 of 4\">\n\t\t\t\t\t\t\t<div class=\"elementor-element elementor-element-5a0c283 e-flex e-con-boxed e-con e-child\" data-id=\"5a0c283\" data-element_type=\"container\" data-e-type=\"container\" data-settings=\"{&quot;background_background&quot;:&quot;classic&quot;}\">\n\t\t\t\t\t<div class=\"e-con-inner\">\n\t\t\t\t<div class=\"elementor-element elementor-element-3cedd2b elementor-widget elementor-widget-heading\" data-id=\"3cedd2b\" data-element_type=\"widget\" data-e-type=\"widget\" data-widget_type=\"heading.default\">\n\t\t\t\t\t<h2 class=\"elementor-heading-title elementor-size-default\">2023<\/h2>\t\t\t\t<\/div>\n\t\t\t\t<div class=\"elementor-element elementor-element-fda231c elementor-widget elementor-widget-heading\" data-id=\"fda231c\" data-element_type=\"widget\" data-e-type=\"widget\" data-widget_type=\"heading.default\">\n\t\t\t\t\t<h5 class=\"elementor-heading-title elementor-size-default\">D.Lgs.n.137\/22 en el art.15<\/h5>\t\t\t\t<\/div>\n\t\t\t\t<div class=\"elementor-element elementor-element-e67543a elementor-widget elementor-widget-text-editor\" data-id=\"e67543a\" data-element_type=\"widget\" data-e-type=\"widget\" data-widget_type=\"text-editor.default\">\n\t\t\t\t\t\t\t\t\t<p>obligaci\u00f3n de identificaci\u00f3n, trazabilidad y nomenclatura de los dispositivos<\/p>\t\t\t\t\t\t\t\t<\/div>\n\t\t\t\t\t<\/div>\n\t\t\t\t<\/div>\n\t\t\t\t\t\t\t\t<\/div>\n\t\t\t\t\t\t\t\t\t\t\t<div class=\"swiper-slide\" data-slide=\"3\" role=\"group\" aria-roledescription=\"slide\" aria-label=\"3 of 4\">\n\t\t\t\t\t\t\t<div class=\"elementor-element elementor-element-59f81fb e-flex e-con-boxed e-con e-child\" data-id=\"59f81fb\" data-element_type=\"container\" data-e-type=\"container\">\n\t\t\t\t\t<div class=\"e-con-inner\">\n\t\t\t\t<div class=\"elementor-element elementor-element-baabe76 elementor-widget elementor-widget-heading\" data-id=\"baabe76\" data-element_type=\"widget\" data-e-type=\"widget\" data-widget_type=\"heading.default\">\n\t\t\t\t\t<h2 class=\"elementor-heading-title elementor-size-default\">2024<\/h2>\t\t\t\t<\/div>\n\t\t\t\t<div class=\"elementor-element elementor-element-bed6443 elementor-widget elementor-widget-heading\" data-id=\"bed6443\" data-element_type=\"widget\" data-e-type=\"widget\" data-widget_type=\"heading.default\">\n\t\t\t\t\t<h5 class=\"elementor-heading-title elementor-size-default\">Obligaci\u00f3n de registro UDI<\/h5>\t\t\t\t<\/div>\n\t\t\t\t<div class=\"elementor-element elementor-element-d52b1f5 elementor-widget elementor-widget-text-editor\" data-id=\"d52b1f5\" data-element_type=\"widget\" data-e-type=\"widget\" data-widget_type=\"text-editor.default\">\n\t\t\t\t\t\t\t\t\t<p>Desde el 15 de enero entra en vigor la obligaci\u00f3n de registro y conservaci\u00f3n del UDI<\/p>\t\t\t\t\t\t\t\t<\/div>\n\t\t\t\t\t<\/div>\n\t\t\t\t<\/div>\n\t\t\t\t\t\t\t\t<\/div>\n\t\t\t\t\t\t\t\t\t\t\t<div class=\"swiper-slide\" data-slide=\"4\" role=\"group\" aria-roledescription=\"slide\" aria-label=\"4 of 4\">\n\t\t\t\t\t\t\t<div class=\"elementor-element elementor-element-00588aa e-flex e-con-boxed e-con e-child\" data-id=\"00588aa\" data-element_type=\"container\" data-e-type=\"container\">\n\t\t\t\t\t<div class=\"e-con-inner\">\n\t\t\t\t<div class=\"elementor-element elementor-element-5f55d08 elementor-widget elementor-widget-heading\" data-id=\"5f55d08\" data-element_type=\"widget\" data-e-type=\"widget\" data-widget_type=\"heading.default\">\n\t\t\t\t\t<h2 class=\"elementor-heading-title elementor-size-default\">2027<\/h2>\t\t\t\t<\/div>\n\t\t\t\t<div class=\"elementor-element elementor-element-658b79f elementor-widget elementor-widget-heading\" data-id=\"658b79f\" data-element_type=\"widget\" data-e-type=\"widget\" data-widget_type=\"heading.default\">\n\t\t\t\t\t<h5 class=\"elementor-heading-title elementor-size-default\">Plazo DM sin UDI<\/h5>\t\t\t\t<\/div>\n\t\t\t\t<div class=\"elementor-element elementor-element-bd50507 elementor-widget elementor-widget-text-editor\" data-id=\"bd50507\" data-element_type=\"widget\" data-e-type=\"widget\" data-widget_type=\"text-editor.default\">\n\t\t\t\t\t\t\t\t\t<p>El 31 de diciembre es el plazo de circulaci\u00f3n de dispositivos m\u00e9dicos sin c\u00f3digo UDI<\/p>\t\t\t\t\t\t\t\t<\/div>\n\t\t\t\t\t<\/div>\n\t\t\t\t<\/div>\n\t\t\t\t\t\t\t\t<\/div>\n\t\t\t\t\t\t\t\t<\/div>\n\t\t<\/div>\n\t\t\t\t\t<div class=\"elementor-swiper-button elementor-swiper-button-prev\" role=\"button\" tabindex=\"0\" aria-label=\"Anterior\">\n\t\t\t\t<svg aria-hidden=\"true\" class=\"e-font-icon-svg e-eicon-chevron-left\" viewBox=\"0 0 1000 1000\" xmlns=\"http:\/\/www.w3.org\/2000\/svg\"><path d=\"M646 125C629 125 613 133 604 142L308 442C296 454 292 471 292 487 292 504 296 521 308 533L604 854C617 867 629 875 646 875 663 875 679 871 692 858 704 846 713 829 713 812 713 796 708 779 692 767L438 487 692 225C700 217 708 204 708 187 708 171 704 154 692 142 675 129 663 125 646 125Z\"><\/path><\/svg>\t\t\t<\/div>\n\t\t\t<div class=\"elementor-swiper-button elementor-swiper-button-next\" role=\"button\" tabindex=\"0\" aria-label=\"Siguiente\">\n\t\t\t\t<svg aria-hidden=\"true\" class=\"e-font-icon-svg e-eicon-chevron-right\" viewBox=\"0 0 1000 1000\" xmlns=\"http:\/\/www.w3.org\/2000\/svg\"><path d=\"M696 533C708 521 713 504 713 487 713 471 708 454 696 446L400 146C388 133 375 125 354 125 338 125 325 129 313 142 300 154 292 171 292 187 292 204 296 221 308 233L563 492 304 771C292 783 288 800 288 817 288 833 296 850 308 863 321 871 338 875 354 875 371 875 388 867 400 854L696 533Z\"><\/path><\/svg>\t\t\t<\/div>\n\t\t\t\t\t<div class=\"swiper-pagination\"><\/div>\n\t\t\t\t\t\t<\/div>\n\t\t\t\t<\/div>\n\t\t\t\t\t<\/div>\n\t\t\t\t<\/div>\n\t\t<div class=\"elementor-element elementor-element-4854d4d e-flex e-con-boxed e-con e-parent\" data-id=\"4854d4d\" data-element_type=\"container\" data-e-type=\"container\">\n\t\t\t\t\t<div class=\"e-con-inner\">\n\t\t\t\t<div class=\"elementor-element elementor-element-aec21d6 elementor-widget elementor-widget-video\" data-id=\"aec21d6\" data-element_type=\"widget\" data-e-type=\"widget\" data-settings=\"{&quot;youtube_url&quot;:&quot;https:\\\/\\\/www.youtube.com\\\/watch?v=ePl1zw9N_yQ&quot;,&quot;autoplay&quot;:&quot;yes&quot;,&quot;mute&quot;:&quot;yes&quot;,&quot;loop&quot;:&quot;yes&quot;,&quot;video_type&quot;:&quot;youtube&quot;}\" data-widget_type=\"video.default\">\n\t\t\t\t\t\t\t<div class=\"elementor-wrapper elementor-open-inline\">\n\t\t\t<div class=\"elementor-video\"><\/div>\t\t<\/div>\n\t\t\t\t\t\t<\/div>\n\t\t\t\t<div class=\"elementor-element elementor-element-d8c6ff5 elementor-widget elementor-widget-text-editor\" data-id=\"d8c6ff5\" data-element_type=\"widget\" data-e-type=\"widget\" data-widget_type=\"text-editor.default\">\n\t\t\t\t\t\t\t\t\t<p>Con la entrada en vigor de la nueva normativa europea <a href=\"https:\/\/eur-lex.europa.eu\/eli\/reg\/2017\/745\/oj\/eng\">UE Medical Device Regulation (EU MDR)<\/a> sobre la trazabilidad de los dispositivos m\u00e9dicos, los operadores sanitarios est\u00e1n obligados a:<\/p><ul><li>Verificar el etiquetado <strong>UDI (Unique Device Identification)<\/strong> en todos los dispositivos m\u00e9dicos utilizados en la pr\u00e1ctica cl\u00ednica.<\/li><li>Registrar y documentar el UDI de los dispositivos utilizados en los pacientes. <\/li><\/ul><p> <\/p><p>El t\u00e9rmino <strong>\u00abdispositivo m\u00e9dico\u00bb<\/strong> abarca una amplia gama de objetos, incluidos aparatos y equipos en contacto directo con el paciente con fines de diagn\u00f3stico o tratamiento de una condici\u00f3n cl\u00ednica, e incluye por tanto muchos instrumentos com\u00fanmente usados por los m\u00e9dicos.<\/p><p>Los plazos para la conformidad con la <a href=\"https:\/\/eur-lex.europa.eu\/eli\/reg\/2017\/745\/oj\/eng\">normativa MDR<\/a> sobre la codificaci\u00f3n UDI de los dispositivos m\u00e9dicos var\u00edan seg\u00fan la clase del dispositivo, que se determina por el nivel de riesgo asociado.<\/p><p>En particular, los dispositivos de Clase III presentan un riesgo elevado para el paciente.<\/p><ul><li><strong>Clase III<\/strong>: incluye dispositivos como marcapasos implantables, generadores de impulsos, pruebas diagn\u00f3sticas para el VIH, desfibriladores autom\u00e1ticos externos, implantes endo\u00f3seos y lentes de contacto de uso prolongado.<\/li><li><strong>Clase II<\/strong> a\/b: comprende dispositivos tales como agujas para acupuntura, lentes de contacto diarias, sillas de ruedas motorizadas, bombas de infusi\u00f3n, pa\u00f1os quir\u00fargicos y sistemas transpondedores de radiofrecuencia implantables para la identificaci\u00f3n del paciente y de la informaci\u00f3n sanitaria.<\/li><li><strong>Clase I<\/strong>: incluye dispositivos de bajo riesgo como vendas el\u00e1sticas, guantes de l\u00e1tex e instrumentos quir\u00fargicos port\u00e1tiles.<\/li><\/ul>\t\t\t\t\t\t\t\t<\/div>\n\t\t\t\t<div class=\"elementor-element elementor-element-316c08c elementor-align-center elementor-invisible elementor-widget elementor-widget-button\" data-id=\"316c08c\" data-element_type=\"widget\" data-e-type=\"widget\" data-settings=\"{&quot;_animation&quot;:&quot;fadeInDown&quot;}\" data-widget_type=\"button.default\">\n\t\t\t\t\t\t\t\t\t\t<a class=\"elementor-button elementor-button-link elementor-size-sm\" href=\"https:\/\/www.gazzettaufficiale.it\/eli\/id\/2023\/07\/18\/23A04010\/sg\" target=\"_blank\">\n\t\t\t\t\t\t<span class=\"elementor-button-content-wrapper\">\n\t\t\t\t\t\t\t\t\t<span class=\"elementor-button-text\">D.Lgs.n.137\/22 <\/span>\n\t\t\t\t\t<\/span>\n\t\t\t\t\t<\/a>\n\t\t\t\t\t\t\t\t<\/div>\n\t\t\t\t<div class=\"elementor-element elementor-element-db7d5c8 elementor-widget elementor-widget-spacer\" data-id=\"db7d5c8\" data-element_type=\"widget\" data-e-type=\"widget\" data-widget_type=\"spacer.default\">\n\t\t\t\t\t\t\t<div class=\"elementor-spacer\">\n\t\t\t<div class=\"elementor-spacer-inner\"><\/div>\n\t\t<\/div>\n\t\t\t\t\t\t<\/div>\n\t\t\t\t<div class=\"elementor-element elementor-element-facf8bc elementor-widget elementor-widget-html\" data-id=\"facf8bc\" data-element_type=\"widget\" data-e-type=\"widget\" data-widget_type=\"html.default\">\n\t\t\t\t\t<div class=\"table-responsive\"><table class=\"table mb-0 table\"><tbody><tr class=\"table-light\"><th scope=\"row\">5 de mayo de 2017<\/th><td>Publicaci\u00f3n del reglamento UE<\/td><td>Codificaci\u00f3n del dispositivo m\u00e9dico<\/td><td>Marcado directo del dispositivo m\u00e9dico<\/td><td>Codificaci\u00f3n del dispositivo m\u00e9dico-diagn\u00f3stico in vitro<\/td><\/tr><tr class=\"table-success\"><th scope=\"row\">26 de mayo de 2020<\/th><td>Asignaci\u00f3n UDI y registro en <a href=\"https:\/\/ec.europa.eu\/tools\/eudamed\/\">EUDAMED<\/a><\/td><td><\/td><td><\/td><td><\/td><\/tr><tr class=\"table-info\"><th scope=\"row\">26 de mayo de 2021<\/th><td><\/td><td>Clase III MD<\/td><td><\/td><td><\/td><\/tr><tr class=\"table-warning\"><th scope=\"row\">26 de mayo de 2023<\/th><td><\/td><td>Clase II a\/b MD<\/td><td>Clase III MD<\/td><td>Clase D IVD<\/td><\/tr><tr class=\"table-danger\"><th scope=\"row\">26 de mayo de 2025<\/th><td><\/td><td>Clase I MD<\/td><td>Clase II a\/b MD<\/td><td>Clase C&amp;B IVD<\/td><\/tr><tr class=\"table-primary\"><th scope=\"row\">26 de mayo de 2027<\/th><td><\/td><td><\/td><td>Clase I MD<\/td><td>Clase A IVD<\/td><\/tr><\/tbody><\/table><\/div>\t\t\t\t<\/div>\n\t\t\t\t\t<\/div>\n\t\t\t\t<\/div>\n\t\t\t\t<\/div>\n\t\t","protected":false},"excerpt":{"rendered":"<p>Normativa Un breve resumen de la normativa UDI 1. La obligaci\u00f3n de registro UDI El decreto (D.lgs 11\/05\/2023) impone a los profesionales sanitarios registrar y conservar el identificador \u00fanico (UDI) de los dispositivos m\u00e9dicos recibidos y utilizados (con especial atenci\u00f3n a los dispositivos implantables y de clase D para diagn\u00f3stico in vitro). El objetivo de [&hellip;]<\/p>\n","protected":false},"author":1,"featured_media":0,"parent":0,"menu_order":0,"comment_status":"closed","ping_status":"closed","template":"","meta":{"footnotes":""},"class_list":["post-495","page","type-page","status-publish","hentry"],"_links":{"self":[{"href":"https:\/\/medstock.it\/es\/wp-json\/wp\/v2\/pages\/495","targetHints":{"allow":["GET"]}}],"collection":[{"href":"https:\/\/medstock.it\/es\/wp-json\/wp\/v2\/pages"}],"about":[{"href":"https:\/\/medstock.it\/es\/wp-json\/wp\/v2\/types\/page"}],"author":[{"embeddable":true,"href":"https:\/\/medstock.it\/es\/wp-json\/wp\/v2\/users\/1"}],"replies":[{"embeddable":true,"href":"https:\/\/medstock.it\/es\/wp-json\/wp\/v2\/comments?post=495"}],"version-history":[{"count":1,"href":"https:\/\/medstock.it\/es\/wp-json\/wp\/v2\/pages\/495\/revisions"}],"predecessor-version":[{"id":496,"href":"https:\/\/medstock.it\/es\/wp-json\/wp\/v2\/pages\/495\/revisions\/496"}],"wp:attachment":[{"href":"https:\/\/medstock.it\/es\/wp-json\/wp\/v2\/media?parent=495"}],"curies":[{"name":"wp","href":"https:\/\/api.w.org\/{rel}","templated":true}]}}