{"id":415,"date":"2026-02-05T09:14:32","date_gmt":"2026-02-05T09:14:32","guid":{"rendered":"https:\/\/medstock.it\/especificaciones\/"},"modified":"2026-03-26T09:29:36","modified_gmt":"2026-03-26T09:29:36","slug":"especificaciones","status":"publish","type":"page","link":"https:\/\/medstock.it\/es\/especificaciones\/","title":{"rendered":"Especificaciones"},"content":{"rendered":"\t\t<div data-elementor-type=\"wp-page\" data-elementor-id=\"415\" class=\"elementor elementor-415 elementor-84\" data-elementor-post-type=\"page\">\n\t\t\t\t<div class=\"elementor-element elementor-element-84f1720 e-flex e-con-boxed e-con e-parent\" data-id=\"84f1720\" data-element_type=\"container\" data-e-type=\"container\">\n\t\t\t\t\t<div class=\"e-con-inner\">\n\t\t\t\t<div class=\"elementor-element elementor-element-bf1a364 elementor-widget elementor-widget-spacer\" data-id=\"bf1a364\" data-element_type=\"widget\" data-e-type=\"widget\" data-widget_type=\"spacer.default\">\n\t\t\t\t\t\t\t<div class=\"elementor-spacer\">\n\t\t\t<div class=\"elementor-spacer-inner\"><\/div>\n\t\t<\/div>\n\t\t\t\t\t\t<\/div>\n\t\t\t\t\t<\/div>\n\t\t\t\t<\/div>\n\t\t<div class=\"elementor-element elementor-element-00a0577 e-flex e-con-boxed e-con e-parent\" data-id=\"00a0577\" data-element_type=\"container\" data-e-type=\"container\">\n\t\t\t\t\t<div class=\"e-con-inner\">\n\t\t\t\t<div class=\"elementor-element elementor-element-7605deb elementor-widget elementor-widget-heading\" data-id=\"7605deb\" data-element_type=\"widget\" data-e-type=\"widget\" data-widget_type=\"heading.default\">\n\t\t\t\t\t<h2 class=\"elementor-heading-title elementor-size-default\">MedStock: el futuro de la gesti\u00f3n de almacenes en la nube<\/h2>\t\t\t\t<\/div>\n\t\t\t\t<div class=\"elementor-element elementor-element-ead7c0f elementor-widget elementor-widget-text-editor\" data-id=\"ead7c0f\" data-element_type=\"widget\" data-e-type=\"widget\" data-widget_type=\"text-editor.default\">\n\t\t\t\t\t\t\t\t\t<p>Una infraestructura SaaS 100% Serverless dise\u00f1ada para garantizar una escalabilidad infinita, seguridad de nivel empresarial y cero preocupaciones para el departamento de TI.<\/p>\t\t\t\t\t\t\t\t<\/div>\n\t\t<div class=\"elementor-element elementor-element-e549e4d e-con-full e-flex e-con e-child\" data-id=\"e549e4d\" data-element_type=\"container\" data-e-type=\"container\">\n\t\t<div class=\"elementor-element elementor-element-4afaece e-con-full e-flex e-con e-child\" data-id=\"4afaece\" data-element_type=\"container\" data-e-type=\"container\">\n\t\t\t\t<div class=\"elementor-element elementor-element-e08b654 elementor-widget elementor-widget-video\" data-id=\"e08b654\" data-element_type=\"widget\" data-e-type=\"widget\" data-settings=\"{&quot;youtube_url&quot;:&quot;https:\\\/\\\/www.youtube.com\\\/watch?v=-QuoRRCotnQ&quot;,&quot;autoplay&quot;:&quot;yes&quot;,&quot;mute&quot;:&quot;yes&quot;,&quot;loop&quot;:&quot;yes&quot;,&quot;video_type&quot;:&quot;youtube&quot;}\" data-widget_type=\"video.default\">\n\t\t\t\t\t\t\t<div class=\"elementor-wrapper elementor-open-inline\">\n\t\t\t<div class=\"elementor-video\"><\/div>\t\t<\/div>\n\t\t\t\t\t\t<\/div>\n\t\t\t\t<\/div>\n\t\t<div class=\"elementor-element elementor-element-72ae13a e-con-full e-flex e-con e-child\" data-id=\"72ae13a\" data-element_type=\"container\" data-e-type=\"container\">\n\t\t\t\t<div class=\"elementor-element elementor-element-506350a elementor-widget elementor-widget-text-editor\" data-id=\"506350a\" data-element_type=\"widget\" data-e-type=\"widget\" data-widget_type=\"text-editor.default\">\n\t\t\t\t\t\t\t\t\t<p>MedStock est\u00e1 desarrollado de forma nativa en la nube utilizando un enfoque Serverless; esto significa:<\/p><ul><li><span style=\"font-family: -apple-system, BlinkMacSystemFont, 'Segoe UI', Roboto, 'Helvetica Neue', Arial, 'Noto Sans', sans-serif, 'Apple Color Emoji', 'Segoe UI Emoji', 'Segoe UI Symbol', 'Noto Color Emoji'; font-size: 1rem;\"><strong>Escalabilidad autom\u00e1tica<\/strong>: el sistema se adapta instant\u00e1neamente a los picos de trabajo (p. ej., inventarios de fin de mes o cargas extraordinarias) sin ralentizaciones.<\/span><\/li><li><strong>Alta disponibilidad (High Availability)<\/strong>: la infraestructura est\u00e1 distribuida en varias zonas de disponibilidad (Availability Zones) de AWS, lo que garantiza la continuidad operativa (tiempo de actividad del 99,99%) y protecci\u00f3n frente a fallos locales.<\/li><li>Gesti\u00f3n segura de las identidades de los usuarios con <strong>cifrado<\/strong> de extremo a extremo<\/li><li>Actualizaciones de existencias en <strong>tiempo real<\/strong>.<\/li><li><strong>Copias de seguridad<\/strong> autom\u00e1ticas y recuperaci\u00f3n en un punto en el tiempo (point-in-time recovery) para prevenir cualquier p\u00e9rdida de datos<\/li><li><strong>Interoperabilidad (API Ready):<\/strong> la arquitectura moderna permite que MedStock se comunique f\u00e1cilmente con otros programas empresariales (ERP, software de facturaci\u00f3n o sistemas hospitalarios\/cl\u00ednicos).<\/li><\/ul>\t\t\t\t\t\t\t\t<\/div>\n\t\t\t\t<\/div>\n\t\t\t\t<\/div>\n\t\t\t\t\t<\/div>\n\t\t\t\t<\/div>\n\t\t<div class=\"elementor-element elementor-element-7437a2a e-flex e-con-boxed e-con e-parent\" data-id=\"7437a2a\" data-element_type=\"container\" data-e-type=\"container\">\n\t\t\t\t\t<div class=\"e-con-inner\">\n\t\t\t\t<div class=\"elementor-element elementor-element-55a89bf elementor-widget elementor-widget-spacer\" data-id=\"55a89bf\" data-element_type=\"widget\" data-e-type=\"widget\" data-widget_type=\"spacer.default\">\n\t\t\t\t\t\t\t<div class=\"elementor-spacer\">\n\t\t\t<div class=\"elementor-spacer-inner\"><\/div>\n\t\t<\/div>\n\t\t\t\t\t\t<\/div>\n\t\t\t\t<div class=\"elementor-element elementor-element-d107649 elementor-widget elementor-widget-heading\" data-id=\"d107649\" data-element_type=\"widget\" data-e-type=\"widget\" data-widget_type=\"heading.default\">\n\t\t\t\t\t<h2 class=\"elementor-heading-title elementor-size-default\">El control total a un solo clic<\/h2>\t\t\t\t<\/div>\n\t\t\t\t<div class=\"elementor-element elementor-element-372aa42 elementor-widget elementor-widget-text-editor\" data-id=\"372aa42\" data-element_type=\"widget\" data-e-type=\"widget\" data-widget_type=\"text-editor.default\">\n\t\t\t\t\t\t\t\t\t<p>Dise\u00f1ado para simplificar la operatividad, eliminar los errores humanos y optimizar los costes de aprovisionamiento.<\/p>\t\t\t\t\t\t\t\t<\/div>\n\t\t\t\t\t<\/div>\n\t\t\t\t<\/div>\n\t\t<div class=\"elementor-element elementor-element-bbbbc01 e-flex e-con-boxed e-con e-parent\" data-id=\"bbbbc01\" data-element_type=\"container\" data-e-type=\"container\">\n\t\t\t\t\t<div class=\"e-con-inner\">\n\t\t<div class=\"elementor-element elementor-element-f8b801a e-con-full e-flex e-con e-child\" data-id=\"f8b801a\" data-element_type=\"container\" data-e-type=\"container\">\n\t\t\t\t<div class=\"elementor-element elementor-element-3495f8f elementor-view-default elementor-widget elementor-widget-icon\" data-id=\"3495f8f\" data-element_type=\"widget\" data-e-type=\"widget\" data-widget_type=\"icon.default\">\n\t\t\t\t\t\t\t<div class=\"elementor-icon-wrapper\">\n\t\t\t<div class=\"elementor-icon\">\n\t\t\t<svg aria-hidden=\"true\" class=\"e-font-icon-svg e-far-calendar-alt\" viewBox=\"0 0 448 512\" xmlns=\"http:\/\/www.w3.org\/2000\/svg\"><path d=\"M148 288h-40c-6.6 0-12-5.4-12-12v-40c0-6.6 5.4-12 12-12h40c6.6 0 12 5.4 12 12v40c0 6.6-5.4 12-12 12zm108-12v-40c0-6.6-5.4-12-12-12h-40c-6.6 0-12 5.4-12 12v40c0 6.6 5.4 12 12 12h40c6.6 0 12-5.4 12-12zm96 0v-40c0-6.6-5.4-12-12-12h-40c-6.6 0-12 5.4-12 12v40c0 6.6 5.4 12 12 12h40c6.6 0 12-5.4 12-12zm-96 96v-40c0-6.6-5.4-12-12-12h-40c-6.6 0-12 5.4-12 12v40c0 6.6 5.4 12 12 12h40c6.6 0 12-5.4 12-12zm-96 0v-40c0-6.6-5.4-12-12-12h-40c-6.6 0-12 5.4-12 12v40c0 6.6 5.4 12 12 12h40c6.6 0 12-5.4 12-12zm192 0v-40c0-6.6-5.4-12-12-12h-40c-6.6 0-12 5.4-12 12v40c0 6.6 5.4 12 12 12h40c6.6 0 12-5.4 12-12zm96-260v352c0 26.5-21.5 48-48 48H48c-26.5 0-48-21.5-48-48V112c0-26.5 21.5-48 48-48h48V12c0-6.6 5.4-12 12-12h40c6.6 0 12 5.4 12 12v52h128V12c0-6.6 5.4-12 12-12h40c6.6 0 12 5.4 12 12v52h48c26.5 0 48 21.5 48 48zm-48 346V160H48v298c0 3.3 2.7 6 6 6h340c3.3 0 6-2.7 6-6z\"><\/path><\/svg>\t\t\t<\/div>\n\t\t<\/div>\n\t\t\t\t\t\t<\/div>\n\t\t\t\t<\/div>\n\t\t<div class=\"elementor-element elementor-element-ee890ea e-con-full e-flex e-con e-child\" data-id=\"ee890ea\" data-element_type=\"container\" data-e-type=\"container\">\n\t\t\t\t<div class=\"elementor-element elementor-element-a86b6c5 elementor-widget elementor-widget-heading\" data-id=\"a86b6c5\" data-element_type=\"widget\" data-e-type=\"widget\" data-widget_type=\"heading.default\">\n\t\t\t\t\t<h2 class=\"elementor-heading-title elementor-size-default\">Trazabilidad absoluta: lotes y caducidades (l\u00f3gica FEFO)<\/h2>\t\t\t\t<\/div>\n\t\t\t\t<div class=\"elementor-element elementor-element-dfa0501 elementor-widget elementor-widget-text-editor\" data-id=\"dfa0501\" data-element_type=\"widget\" data-e-type=\"widget\" data-widget_type=\"text-editor.default\">\n\t\t\t\t\t\t\t\t\t<ul><li><p data-path-to-node=\"6,0,0\"><b data-path-to-node=\"6,0,0\" data-index-in-node=\"0\">Optimizaci\u00f3n de las caducidades:<\/b> MedStock gestiona el almac\u00e9n seg\u00fan el principio FEFO (<i data-path-to-node=\"6,0,0\" data-index-in-node=\"89\">First Expired, First Out<\/i>). El sistema le gu\u00eda para retirar siempre los productos con la fecha de caducidad m\u00e1s pr\u00f3xima, reduciendo dr\u00e1sticamente los desperdicios. <\/p><\/li><li><p data-path-to-node=\"6,1,0\"><b data-path-to-node=\"6,1,0\" data-index-in-node=\"0\">Historial de lotes:<\/b> trazabilidad completa e instant\u00e1nea de cada lote individual, desde el momento de su entrada hasta su uso final. Una funci\u00f3n esencial para garantizar el cumplimiento normativo y afrontar las inspecciones con total serenidad. <\/p><\/li><\/ul>\t\t\t\t\t\t\t\t<\/div>\n\t\t\t\t<\/div>\n\t\t\t\t\t<\/div>\n\t\t\t\t<\/div>\n\t\t<div class=\"elementor-element elementor-element-7a25606 e-flex e-con-boxed e-con e-parent\" data-id=\"7a25606\" data-element_type=\"container\" data-e-type=\"container\">\n\t\t\t\t\t<div class=\"e-con-inner\">\n\t\t<div class=\"elementor-element elementor-element-6f37e40 e-con-full e-flex e-con e-child\" data-id=\"6f37e40\" data-element_type=\"container\" data-e-type=\"container\">\n\t\t\t\t<div class=\"elementor-element elementor-element-636004d elementor-view-default elementor-widget elementor-widget-icon\" data-id=\"636004d\" data-element_type=\"widget\" data-e-type=\"widget\" data-widget_type=\"icon.default\">\n\t\t\t\t\t\t\t<div class=\"elementor-icon-wrapper\">\n\t\t\t<div class=\"elementor-icon\">\n\t\t\t<svg aria-hidden=\"true\" class=\"e-font-icon-svg e-fas-exclamation-triangle\" viewBox=\"0 0 576 512\" xmlns=\"http:\/\/www.w3.org\/2000\/svg\"><path d=\"M569.517 440.013C587.975 472.007 564.806 512 527.94 512H48.054c-36.937 0-59.999-40.055-41.577-71.987L246.423 23.985c18.467-32.009 64.72-31.951 83.154 0l239.94 416.028zM288 354c-25.405 0-46 20.595-46 46s20.595 46 46 46 46-20.595 46-46-20.595-46-46-46zm-43.673-165.346l7.418 136c.347 6.364 5.609 11.346 11.982 11.346h48.546c6.373 0 11.635-4.982 11.982-11.346l7.418-136c.375-6.874-5.098-12.654-11.982-12.654h-63.383c-6.884 0-12.356 5.78-11.981 12.654z\"><\/path><\/svg>\t\t\t<\/div>\n\t\t<\/div>\n\t\t\t\t\t\t<\/div>\n\t\t\t\t<\/div>\n\t\t<div class=\"elementor-element elementor-element-58a02f3 e-con-full e-flex e-con e-child\" data-id=\"58a02f3\" data-element_type=\"container\" data-e-type=\"container\">\n\t\t\t\t<div class=\"elementor-element elementor-element-a01fdba elementor-widget elementor-widget-heading\" data-id=\"a01fdba\" data-element_type=\"widget\" data-e-type=\"widget\" data-widget_type=\"heading.default\">\n\t\t\t\t\t<h2 class=\"elementor-heading-title elementor-size-default\">Prevenci\u00f3n de roturas de stock y alertas inteligentes<\/h2>\t\t\t\t<\/div>\n\t\t\t\t<div class=\"elementor-element elementor-element-207f58d elementor-widget elementor-widget-text-editor\" data-id=\"207f58d\" data-element_type=\"widget\" data-e-type=\"widget\" data-widget_type=\"text-editor.default\">\n\t\t\t\t\t\t\t\t\t<ul><li><p data-path-to-node=\"10,0,0\"><b data-path-to-node=\"10,0,0\" data-index-in-node=\"0\">Notificaciones proactivas:<\/b> el sistema monitoriza constantemente las existencias y env\u00eda alertas autom\u00e1ticas (en la aplicaci\u00f3n o por correo electr\u00f3nico) para productos bajo m\u00ednimos o pr\u00f3ximos a caducar.<\/p><\/li><li><p data-path-to-node=\"10,1,0\"><b data-path-to-node=\"10,1,0\" data-index-in-node=\"0\">An\u00e1lisis de reposici\u00f3n:<\/b> MedStock analiza las tendencias de consumo, evitando bloqueos operativos por falta de material.<\/p><\/li><\/ul>\t\t\t\t\t\t\t\t<\/div>\n\t\t\t\t<\/div>\n\t\t\t\t\t<\/div>\n\t\t\t\t<\/div>\n\t\t<div class=\"elementor-element elementor-element-95dcbb5 e-flex e-con-boxed e-con e-parent\" data-id=\"95dcbb5\" data-element_type=\"container\" data-e-type=\"container\">\n\t\t\t\t\t<div class=\"e-con-inner\">\n\t\t<div class=\"elementor-element elementor-element-265b709 e-con-full e-flex e-con e-child\" data-id=\"265b709\" data-element_type=\"container\" data-e-type=\"container\">\n\t\t\t\t<div class=\"elementor-element elementor-element-24d3a73 elementor-view-default elementor-widget elementor-widget-icon\" data-id=\"24d3a73\" data-element_type=\"widget\" data-e-type=\"widget\" data-widget_type=\"icon.default\">\n\t\t\t\t\t\t\t<div class=\"elementor-icon-wrapper\">\n\t\t\t<div class=\"elementor-icon\">\n\t\t\t<svg aria-hidden=\"true\" class=\"e-font-icon-svg e-fas-exchange-alt\" viewBox=\"0 0 512 512\" xmlns=\"http:\/\/www.w3.org\/2000\/svg\"><path d=\"M0 168v-16c0-13.255 10.745-24 24-24h360V80c0-21.367 25.899-32.042 40.971-16.971l80 80c9.372 9.373 9.372 24.569 0 33.941l-80 80C409.956 271.982 384 261.456 384 240v-48H24c-13.255 0-24-10.745-24-24zm488 152H128v-48c0-21.314-25.862-32.08-40.971-16.971l-80 80c-9.372 9.373-9.372 24.569 0 33.941l80 80C102.057 463.997 128 453.437 128 432v-48h360c13.255 0 24-10.745 24-24v-16c0-13.255-10.745-24-24-24z\"><\/path><\/svg>\t\t\t<\/div>\n\t\t<\/div>\n\t\t\t\t\t\t<\/div>\n\t\t\t\t<\/div>\n\t\t<div class=\"elementor-element elementor-element-a5b24d5 e-con-full e-flex e-con e-child\" data-id=\"a5b24d5\" data-element_type=\"container\" data-e-type=\"container\">\n\t\t\t\t<div class=\"elementor-element elementor-element-cb0d389 elementor-widget elementor-widget-heading\" data-id=\"cb0d389\" data-element_type=\"widget\" data-e-type=\"widget\" data-widget_type=\"heading.default\">\n\t\t\t\t\t<h2 class=\"elementor-heading-title elementor-size-default\">Gesti\u00f3n multialmac\u00e9n y departamentos<\/h2>\t\t\t\t<\/div>\n\t\t\t\t<div class=\"elementor-element elementor-element-eb89afa elementor-widget elementor-widget-text-editor\" data-id=\"eb89afa\" data-element_type=\"widget\" data-e-type=\"widget\" data-widget_type=\"text-editor.default\">\n\t\t\t\t\t\t\t\t\t<ul><li><p data-path-to-node=\"12,0,0\"><b data-path-to-node=\"12,0,0\" data-index-in-node=\"0\">Control centralizado:<\/b> gestione desde una \u00fanica plataforma el almac\u00e9n principal, los dep\u00f3sitos perif\u00e9ricos, los departamentos individuales o los carros operativos.<\/p><\/li><li><p data-path-to-node=\"12,1,0\"><b data-path-to-node=\"12,1,0\" data-index-in-node=\"0\">Movimientos internos:<\/b> rastree los traslados de mercanc\u00eda entre departamentos con un solo clic, manteniendo el inventario global siempre perfectamente alineado.<\/p><\/li><\/ul>\t\t\t\t\t\t\t\t<\/div>\n\t\t\t\t<\/div>\n\t\t\t\t\t<\/div>\n\t\t\t\t<\/div>\n\t\t<div class=\"elementor-element elementor-element-a879f67 e-flex e-con-boxed e-con e-parent\" data-id=\"a879f67\" data-element_type=\"container\" data-e-type=\"container\">\n\t\t\t\t\t<div class=\"e-con-inner\">\n\t\t<div class=\"elementor-element elementor-element-72ed26a e-con-full e-flex e-con e-child\" data-id=\"72ed26a\" data-element_type=\"container\" data-e-type=\"container\">\n\t\t\t\t<div class=\"elementor-element elementor-element-0113274 elementor-view-default elementor-widget elementor-widget-icon\" data-id=\"0113274\" data-element_type=\"widget\" data-e-type=\"widget\" data-widget_type=\"icon.default\">\n\t\t\t\t\t\t\t<div class=\"elementor-icon-wrapper\">\n\t\t\t<div class=\"elementor-icon\">\n\t\t\t<svg aria-hidden=\"true\" class=\"e-font-icon-svg e-far-chart-bar\" viewBox=\"0 0 512 512\" xmlns=\"http:\/\/www.w3.org\/2000\/svg\"><path d=\"M396.8 352h22.4c6.4 0 12.8-6.4 12.8-12.8V108.8c0-6.4-6.4-12.8-12.8-12.8h-22.4c-6.4 0-12.8 6.4-12.8 12.8v230.4c0 6.4 6.4 12.8 12.8 12.8zm-192 0h22.4c6.4 0 12.8-6.4 12.8-12.8V140.8c0-6.4-6.4-12.8-12.8-12.8h-22.4c-6.4 0-12.8 6.4-12.8 12.8v198.4c0 6.4 6.4 12.8 12.8 12.8zm96 0h22.4c6.4 0 12.8-6.4 12.8-12.8V204.8c0-6.4-6.4-12.8-12.8-12.8h-22.4c-6.4 0-12.8 6.4-12.8 12.8v134.4c0 6.4 6.4 12.8 12.8 12.8zM496 400H48V80c0-8.84-7.16-16-16-16H16C7.16 64 0 71.16 0 80v336c0 17.67 14.33 32 32 32h464c8.84 0 16-7.16 16-16v-16c0-8.84-7.16-16-16-16zm-387.2-48h22.4c6.4 0 12.8-6.4 12.8-12.8v-70.4c0-6.4-6.4-12.8-12.8-12.8h-22.4c-6.4 0-12.8 6.4-12.8 12.8v70.4c0 6.4 6.4 12.8 12.8 12.8z\"><\/path><\/svg>\t\t\t<\/div>\n\t\t<\/div>\n\t\t\t\t\t\t<\/div>\n\t\t\t\t<\/div>\n\t\t<div class=\"elementor-element elementor-element-3c45e8a e-con-full e-flex e-con e-child\" data-id=\"3c45e8a\" data-element_type=\"container\" data-e-type=\"container\">\n\t\t\t\t<div class=\"elementor-element elementor-element-d9f9cbc elementor-widget elementor-widget-heading\" data-id=\"d9f9cbc\" data-element_type=\"widget\" data-e-type=\"widget\" data-widget_type=\"heading.default\">\n\t\t\t\t\t<h2 class=\"elementor-heading-title elementor-size-default\">Informes avanzados y control de gesti\u00f3n<\/h2>\t\t\t\t<\/div>\n\t\t\t\t<div class=\"elementor-element elementor-element-11cd0f0 elementor-widget elementor-widget-text-editor\" data-id=\"11cd0f0\" data-element_type=\"widget\" data-e-type=\"widget\" data-widget_type=\"text-editor.default\">\n\t\t\t\t\t\t\t\t\t<ul><li><p data-path-to-node=\"14,0,0\"><b data-path-to-node=\"14,0,0\" data-index-in-node=\"0\">Paneles anal\u00edticos:<\/b> visualice de un vistazo el valor econ\u00f3mico de su almac\u00e9n, los art\u00edculos de mayor rotaci\u00f3n y el impacto de los costes.<\/p><\/li><li><p data-path-to-node=\"14,1,0\"><b data-path-to-node=\"14,1,0\" data-index-in-node=\"0\">Exportaci\u00f3n de datos simplificada:<\/b> genere informes detallados exportables, facilitando las operaciones de balance, inventario peri\u00f3dico y auditor\u00eda.<\/p><\/li><li><strong>Valoraci\u00f3n autom\u00e1tica del almac\u00e9n:<\/strong> el sistema calcula en tiempo real el valor del almac\u00e9n utilizando el coste medio ponderado del inventario.<\/li><\/ul>\t\t\t\t\t\t\t\t<\/div>\n\t\t\t\t<\/div>\n\t\t\t\t\t<\/div>\n\t\t\t\t<\/div>\n\t\t<div class=\"elementor-element elementor-element-30e5201 e-flex e-con-boxed e-con e-parent\" data-id=\"30e5201\" data-element_type=\"container\" data-e-type=\"container\">\n\t\t\t\t\t<div class=\"e-con-inner\">\n\t\t\t\t<div class=\"elementor-element elementor-element-c216db9 elementor-widget elementor-widget-spacer\" data-id=\"c216db9\" data-element_type=\"widget\" data-e-type=\"widget\" data-widget_type=\"spacer.default\">\n\t\t\t\t\t\t\t<div class=\"elementor-spacer\">\n\t\t\t<div class=\"elementor-spacer-inner\"><\/div>\n\t\t<\/div>\n\t\t\t\t\t\t<\/div>\n\t\t\t\t<div class=\"elementor-element elementor-element-d04b388 elementor-widget elementor-widget-heading\" data-id=\"d04b388\" data-element_type=\"widget\" data-e-type=\"widget\" data-widget_type=\"heading.default\">\n\t\t\t\t\t<h2 class=\"elementor-heading-title elementor-size-default\">Identificaci\u00f3n autom\u00e1tica de par\u00e1metros UDI<\/h2>\t\t\t\t<\/div>\n\t\t\t\t<div class=\"elementor-element elementor-element-3f4a045 elementor-widget elementor-widget-text-editor\" data-id=\"3f4a045\" data-element_type=\"widget\" data-e-type=\"widget\" data-widget_type=\"text-editor.default\">\n\t\t\t\t\t\t\t\t\t<p>La identificaci\u00f3n autom\u00e1tica de los par\u00e1metros UDI permite una introducci\u00f3n de datos r\u00e1pida y precisa con un solo clic en el esc\u00e1ner de c\u00f3digos de barras<\/p>\t\t\t\t\t\t\t\t<\/div>\n\t\t\t\t<div class=\"elementor-element elementor-element-9db651d elementor-widget elementor-widget-image\" data-id=\"9db651d\" data-element_type=\"widget\" data-e-type=\"widget\" data-widget_type=\"image.default\">\n\t\t\t\t\t\t\t\t\t\t\t\t\t\t\t<img fetchpriority=\"high\" decoding=\"async\" width=\"768\" height=\"278\" src=\"https:\/\/medstock.it\/wp-content\/uploads\/2026\/02\/CodiceUDI.4e0977065d13b08f5e57.png\" class=\"attachment-large size-large wp-image-416\" alt=\"\" srcset=\"https:\/\/medstock.it\/wp-content\/uploads\/2026\/02\/CodiceUDI.4e0977065d13b08f5e57.png 768w, https:\/\/medstock.it\/wp-content\/uploads\/2026\/02\/CodiceUDI.4e0977065d13b08f5e57-300x109.png 300w\" sizes=\"(max-width: 768px) 100vw, 768px\" \/>\t\t\t\t\t\t\t\t\t\t\t\t\t\t\t<\/div>\n\t\t\t\t\t<\/div>\n\t\t\t\t<\/div>\n\t\t<div class=\"elementor-element elementor-element-af00d3d e-flex e-con-boxed e-con e-parent\" data-id=\"af00d3d\" data-element_type=\"container\" data-e-type=\"container\">\n\t\t\t\t\t<div class=\"e-con-inner\">\n\t\t\t\t<div class=\"elementor-element elementor-element-fb76762 elementor-widget elementor-widget-spacer\" data-id=\"fb76762\" data-element_type=\"widget\" data-e-type=\"widget\" data-widget_type=\"spacer.default\">\n\t\t\t\t\t\t\t<div class=\"elementor-spacer\">\n\t\t\t<div class=\"elementor-spacer-inner\"><\/div>\n\t\t<\/div>\n\t\t\t\t\t\t<\/div>\n\t\t\t\t<div class=\"elementor-element elementor-element-7774c35 elementor-widget elementor-widget-heading\" data-id=\"7774c35\" data-element_type=\"widget\" data-e-type=\"widget\" data-widget_type=\"heading.default\">\n\t\t\t\t\t<h2 class=\"elementor-heading-title elementor-size-default\">Requisitos del esc\u00e1ner de c\u00f3digos de barras<\/h2>\t\t\t\t<\/div>\n\t\t\t\t<div class=\"elementor-element elementor-element-9df6993 elementor-widget elementor-widget-text-editor\" data-id=\"9df6993\" data-element_type=\"widget\" data-e-type=\"widget\" data-widget_type=\"text-editor.default\">\n\t\t\t\t\t\t\t\t\t<p>Los c\u00f3digos UDI se representan con un c\u00f3digo QR espec\u00edfico, el <a href=\"https:\/\/www.gs1.org\/standards\/gs1-datamatrix-guideline\/25\" target=\"_blank\" rel=\"noopener\"><b>GS1 DataMatrix<\/b><\/a>, que es legible con todos los <strong>esc\u00e1neres de c\u00f3digos de barras 2D<\/strong> que admiten el formato.<\/p>\t\t\t\t\t\t\t\t<\/div>\n\t\t<div class=\"elementor-element elementor-element-090134a e-con-full e-flex e-con e-child\" data-id=\"090134a\" data-element_type=\"container\" data-e-type=\"container\">\n\t\t<div class=\"elementor-element elementor-element-a8af8af e-con-full e-flex e-con e-child\" data-id=\"a8af8af\" data-element_type=\"container\" data-e-type=\"container\">\n\t\t\t\t<div class=\"elementor-element elementor-element-ed7f4e5 elementor-widget elementor-widget-image\" data-id=\"ed7f4e5\" data-element_type=\"widget\" data-e-type=\"widget\" data-widget_type=\"image.default\">\n\t\t\t\t\t\t\t\t\t\t\t\t\t\t\t\t<a href=\"https:\/\/amzn.to\/4ezQvBw\" target=\"_blank\">\n\t\t\t\t\t\t\t<img decoding=\"async\" width=\"494\" height=\"916\" src=\"https:\/\/medstock.it\/wp-content\/uploads\/2026\/02\/barcode-scanner-AZ.919b478d04f66c999853.jpg\" class=\"attachment-large size-large wp-image-417\" alt=\"\" srcset=\"https:\/\/medstock.it\/wp-content\/uploads\/2026\/02\/barcode-scanner-AZ.919b478d04f66c999853.jpg 494w, https:\/\/medstock.it\/wp-content\/uploads\/2026\/02\/barcode-scanner-AZ.919b478d04f66c999853-162x300.jpg 162w\" sizes=\"(max-width: 494px) 100vw, 494px\" \/>\t\t\t\t\t\t\t\t<\/a>\n\t\t\t\t\t\t\t\t\t\t\t\t\t\t\t<\/div>\n\t\t\t\t<\/div>\n\t\t<div class=\"elementor-element elementor-element-b775071 e-con-full e-flex e-con e-child\" data-id=\"b775071\" data-element_type=\"container\" data-e-type=\"container\">\n\t\t\t\t<div class=\"elementor-element elementor-element-456e967 elementor-widget elementor-widget-text-editor\" data-id=\"456e967\" data-element_type=\"widget\" data-e-type=\"widget\" data-widget_type=\"text-editor.default\">\n\t\t\t\t\t\t\t\t\t<p>El c\u00f3digo QR UDI suele ser demasiado <strong>peque\u00f1o<\/strong> y demasiado <strong>complejo<\/strong> para ser identificado a trav\u00e9s de la c\u00e1mara del smartphone; en cambio, un lector l\u00e1ser permite una lectura r\u00e1pida y precisa del c\u00f3digo.<\/p><p>Por lo tanto, es necesario un esc\u00e1ner de c\u00f3digos de barras:<\/p><ul><li><strong>2D<\/strong>, es decir, capaz de leer c\u00f3digos QR<\/li><li>habilitado para leer el formato <strong>GS1 DataMatrix <\/strong>(c\u00f3digos UDI)<\/li><\/ul><p> <\/p><p>Podemos recomendarle uno de los esc\u00e1neres m\u00e1s econ\u00f3micos que funciona perfectamente con los c\u00f3digos UDI, a la venta online por menos de 30 \u20ac: <a href=\"https:\/\/amzn.to\/4ezQvBw\">\u201cLector de c\u00f3digos de barras 2D Eyoyo\u201d<\/a><\/p>\t\t\t\t\t\t\t\t<\/div>\n\t\t\t\t<\/div>\n\t\t\t\t<\/div>\n\t\t\t\t\t<\/div>\n\t\t\t\t<\/div>\n\t\t\t\t<\/div>\n\t\t","protected":false},"excerpt":{"rendered":"<p>MedStock: el futuro de la gesti\u00f3n de almacenes en la nube Una infraestructura SaaS 100% Serverless dise\u00f1ada para garantizar una escalabilidad infinita, seguridad de nivel empresarial y cero preocupaciones para el departamento de TI. https:\/\/www.youtube.com\/watch?v=-QuoRRCotnQ MedStock est\u00e1 desarrollado de forma nativa en la nube utilizando un enfoque Serverless; esto significa: Escalabilidad autom\u00e1tica: el sistema se [&hellip;]<\/p>\n","protected":false},"author":1,"featured_media":0,"parent":0,"menu_order":0,"comment_status":"closed","ping_status":"closed","template":"","meta":{"footnotes":""},"class_list":["post-415","page","type-page","status-publish","hentry"],"_links":{"self":[{"href":"https:\/\/medstock.it\/es\/wp-json\/wp\/v2\/pages\/415","targetHints":{"allow":["GET"]}}],"collection":[{"href":"https:\/\/medstock.it\/es\/wp-json\/wp\/v2\/pages"}],"about":[{"href":"https:\/\/medstock.it\/es\/wp-json\/wp\/v2\/types\/page"}],"author":[{"embeddable":true,"href":"https:\/\/medstock.it\/es\/wp-json\/wp\/v2\/users\/1"}],"replies":[{"embeddable":true,"href":"https:\/\/medstock.it\/es\/wp-json\/wp\/v2\/comments?post=415"}],"version-history":[{"count":1,"href":"https:\/\/medstock.it\/es\/wp-json\/wp\/v2\/pages\/415\/revisions"}],"predecessor-version":[{"id":418,"href":"https:\/\/medstock.it\/es\/wp-json\/wp\/v2\/pages\/415\/revisions\/418"}],"wp:attachment":[{"href":"https:\/\/medstock.it\/es\/wp-json\/wp\/v2\/media?parent=415"}],"curies":[{"name":"wp","href":"https:\/\/api.w.org\/{rel}","templated":true}]}}